{"id":44,"date":"2026-04-07T05:46:22","date_gmt":"2026-04-07T08:46:22","guid":{"rendered":"https:\/\/ravello.abrigovirtual.com.br\/es\/?page_id=44"},"modified":"2026-04-11T06:28:37","modified_gmt":"2026-04-11T09:28:37","slug":"transito-aereo-maritimo-y-terrestre","status":"publish","type":"page","link":"https:\/\/ravello.abrigovirtual.com.br\/es\/transito-aereo-maritimo-y-terrestre\/","title":{"rendered":"Tr\u00e1nsito A\u00e9reo, Mar\u00edtimo y Terrestre"},"content":{"rendered":"\t\t<div data-elementor-type=\"wp-page\" data-elementor-id=\"44\" class=\"elementor elementor-44\" data-elementor-post-type=\"page\">\n\t\t\t\t<div class=\"elementor-element elementor-element-b8139cb e-flex e-con-boxed e-con e-parent\" data-id=\"b8139cb\" data-element_type=\"container\" data-e-type=\"container\" data-settings=\"{&quot;background_background&quot;:&quot;classic&quot;,&quot;shape_divider_bottom&quot;:&quot;opacity-tilt&quot;}\">\n\t\t\t\t\t<div class=\"e-con-inner\">\n\t\t\t\t<div class=\"elementor-shape elementor-shape-bottom\" aria-hidden=\"true\" data-negative=\"false\">\n\t\t\t<svg xmlns=\"http:\/\/www.w3.org\/2000\/svg\" viewBox=\"0 0 2600 131.1\" preserveAspectRatio=\"none\">\n\t<path class=\"elementor-shape-fill\" d=\"M0 0L2600 0 2600 69.1 0 0z\"\/>\n\t<path class=\"elementor-shape-fill\" style=\"opacity:0.5\" d=\"M0 0L2600 0 2600 69.1 0 69.1z\"\/>\n\t<path class=\"elementor-shape-fill\" style=\"opacity:0.25\" d=\"M2600 0L0 0 0 130.1 2600 69.1z\"\/>\n<\/svg>\t\t<\/div>\n\t\t\t\t<div class=\"elementor-element elementor-element-44894a2 elementor-widget elementor-widget-heading\" data-id=\"44894a2\" data-element_type=\"widget\" data-e-type=\"widget\" data-widget_type=\"heading.default\">\n\t\t\t\t\t<h6 class=\"elementor-heading-title elementor-size-default\">Servicios y sectores<\/h6>\t\t\t\t<\/div>\n\t\t\t\t<div class=\"elementor-element elementor-element-394d5fa elementor-widget elementor-widget-heading\" data-id=\"394d5fa\" data-element_type=\"widget\" data-e-type=\"widget\" data-widget_type=\"heading.default\">\n\t\t\t\t\t<h1 class=\"elementor-heading-title elementor-size-default\">Tr\u00e2nsito a\u00e9reo, mar\u00edtimo e terrestre<\/h1>\t\t\t\t<\/div>\n\t\t\t\t\t<\/div>\n\t\t\t\t<\/div>\n\t\t<div class=\"elementor-element elementor-element-e7ca379 e-flex e-con-boxed e-con e-parent\" data-id=\"e7ca379\" data-element_type=\"container\" data-e-type=\"container\">\n\t\t\t\t\t<div class=\"e-con-inner\">\n\t\t<div class=\"elementor-element elementor-element-e343647 e-con-full e-flex e-con e-child\" data-id=\"e343647\" data-element_type=\"container\" data-e-type=\"container\">\n\t\t<div class=\"elementor-element elementor-element-ce6c296 e-con-full e-flex e-con e-child\" data-id=\"ce6c296\" data-element_type=\"container\" data-e-type=\"container\">\n\t\t\t\t<div class=\"elementor-element elementor-element-f4c657a elementor-widget elementor-widget-image\" data-id=\"f4c657a\" data-element_type=\"widget\" data-e-type=\"widget\" data-widget_type=\"image.default\">\n\t\t\t\t\t\t\t\t\t\t\t\t\t\t\t<img fetchpriority=\"high\" decoding=\"async\" width=\"800\" height=\"448\" src=\"https:\/\/ravello.abrigovirtual.com.br\/es\/wp-content\/uploads\/sites\/2\/2026\/04\/transport-logistics-products-1024x574.jpg\" class=\"attachment-large size-large wp-image-7\" alt=\"\" srcset=\"https:\/\/ravello.abrigovirtual.com.br\/es\/wp-content\/uploads\/sites\/2\/2026\/04\/transport-logistics-products-1024x574.jpg 1024w, https:\/\/ravello.abrigovirtual.com.br\/es\/wp-content\/uploads\/sites\/2\/2026\/04\/transport-logistics-products-300x168.jpg 300w, https:\/\/ravello.abrigovirtual.com.br\/es\/wp-content\/uploads\/sites\/2\/2026\/04\/transport-logistics-products-768x430.jpg 768w, https:\/\/ravello.abrigovirtual.com.br\/es\/wp-content\/uploads\/sites\/2\/2026\/04\/transport-logistics-products-1536x861.jpg 1536w, https:\/\/ravello.abrigovirtual.com.br\/es\/wp-content\/uploads\/sites\/2\/2026\/04\/transport-logistics-products.jpg 1920w\" sizes=\"(max-width: 800px) 100vw, 800px\" \/>\t\t\t\t\t\t\t\t\t\t\t\t\t\t\t<\/div>\n\t\t\t\t<\/div>\n\t\t\t\t<\/div>\n\t\t<div class=\"elementor-element elementor-element-e44ab27 e-con-full e-flex e-con e-child\" data-id=\"e44ab27\" data-element_type=\"container\" data-e-type=\"container\">\n\t\t\t\t<div class=\"elementor-element elementor-element-d4fa764 elementor-widget elementor-widget-heading\" data-id=\"d4fa764\" data-element_type=\"widget\" data-e-type=\"widget\" data-widget_type=\"heading.default\">\n\t\t\t\t\t<h3 class=\"elementor-heading-title elementor-size-default\">Transporte Internacional A\u00e9reo, Mar\u00edtimo y Terrestre<\/h3>\t\t\t\t<\/div>\n\t\t\t\t<div class=\"elementor-element elementor-element-a624946 elementor-widget-divider--view-line elementor-widget elementor-widget-divider\" data-id=\"a624946\" data-element_type=\"widget\" data-e-type=\"widget\" data-widget_type=\"divider.default\">\n\t\t\t\t\t\t\t<div class=\"elementor-divider\">\n\t\t\t<span class=\"elementor-divider-separator\">\n\t\t\t\t\t\t<\/span>\n\t\t<\/div>\n\t\t\t\t\t\t<\/div>\n\t\t\t\t<div class=\"elementor-element elementor-element-f95aec4 elementor-widget elementor-widget-text-editor\" data-id=\"f95aec4\" data-element_type=\"widget\" data-e-type=\"widget\" data-widget_type=\"text-editor.default\">\n\t\t\t\t\t\t\t\t\t<p><strong>Ravello Logistics<\/strong> ofrece soluciones completas en transporte internacional de cargas, operando en las modalidades a\u00e9rea, mar\u00edtima y terrestre.<\/p><p>Transportamos mercanc\u00edas de cualquier tipo, tama\u00f1o o peso a cualquier destino del mundo, siempre con atenci\u00f3n personalizada y enfoque en la eficiencia, la seguridad y la reducci\u00f3n de costos log\u00edsticos.<\/p>\t\t\t\t\t\t\t\t<\/div>\n\t\t\t\t<\/div>\n\t\t\t\t\t<\/div>\n\t\t\t\t<\/div>\n\t\t<div class=\"elementor-element elementor-element-4302889 e-flex e-con-boxed e-con e-parent\" data-id=\"4302889\" data-element_type=\"container\" data-e-type=\"container\" data-settings=\"{&quot;background_background&quot;:&quot;classic&quot;}\">\n\t\t\t\t\t<div class=\"e-con-inner\">\n\t\t<div class=\"elementor-element elementor-element-f1b7470 e-con-full e-flex e-con e-child\" data-id=\"f1b7470\" data-element_type=\"container\" data-e-type=\"container\">\n\t\t<div class=\"elementor-element elementor-element-50822b7 e-con-full e-flex e-con e-child\" data-id=\"50822b7\" data-element_type=\"container\" data-e-type=\"container\">\n\t\t\t\t<div class=\"elementor-element elementor-element-5801480 elementor-widget elementor-widget-heading\" data-id=\"5801480\" data-element_type=\"widget\" data-e-type=\"widget\" data-widget_type=\"heading.default\">\n\t\t\t\t\t<h3 class=\"elementor-heading-title elementor-size-default\">Red Global de Transporte y Log\u00edstica<\/h3>\t\t\t\t<\/div>\n\t\t\t\t<div class=\"elementor-element elementor-element-fe480f9 elementor-widget-divider--view-line elementor-widget elementor-widget-divider\" data-id=\"fe480f9\" data-element_type=\"widget\" data-e-type=\"widget\" data-widget_type=\"divider.default\">\n\t\t\t\t\t\t\t<div class=\"elementor-divider\">\n\t\t\t<span class=\"elementor-divider-separator\">\n\t\t\t\t\t\t<\/span>\n\t\t<\/div>\n\t\t\t\t\t\t<\/div>\n\t\t\t\t<div class=\"elementor-element elementor-element-3f341ab elementor-widget elementor-widget-text-editor\" data-id=\"3f341ab\" data-element_type=\"widget\" data-e-type=\"widget\" data-widget_type=\"text-editor.default\">\n\t\t\t\t\t\t\t\t\t<h5 data-start=\"490\" data-end=\"752\">Nuestra s\u00f3lida red internacional de socios log\u00edsticos nos permite operar a escala global con un alto nivel de eficiencia.<\/h5><p data-start=\"490\" data-end=\"752\">Desarrollamos soluciones a medida, evaluando todos los factores cr\u00edticos de la operaci\u00f3n, como:<\/p><ul data-start=\"754\" data-end=\"863\"><li data-section-id=\"1jv5ta5\" data-start=\"754\" data-end=\"769\">Tipo de carga<\/li><li data-section-id=\"1he3nhr\" data-start=\"770\" data-end=\"788\">Plazo de entrega<\/li><li data-section-id=\"11rl49z\" data-start=\"789\" data-end=\"808\">Costos log\u00edsticos<\/li><li data-section-id=\"1x2r1d2\" data-start=\"809\" data-end=\"831\">Regulaciones locales<\/li><li data-section-id=\"q7smyb\" data-start=\"832\" data-end=\"863\">Mejor modalidad de transporte<\/li><\/ul><p data-start=\"865\" data-end=\"946\">\u00a0<\/p><p data-start=\"865\" data-end=\"946\">Con ello, garantizamos operaciones m\u00e1s r\u00e1pidas, seguras y econ\u00f3micamente viables.<\/p>\t\t\t\t\t\t\t\t<\/div>\n\t\t\t\t<\/div>\n\t\t\t\t<\/div>\n\t\t<div class=\"elementor-element elementor-element-478a83f e-con-full e-flex e-con e-child\" data-id=\"478a83f\" data-element_type=\"container\" data-e-type=\"container\">\n\t\t\t\t<div class=\"elementor-element elementor-element-69a2e33 elementor-widget elementor-widget-image\" data-id=\"69a2e33\" data-element_type=\"widget\" data-e-type=\"widget\" data-widget_type=\"image.default\">\n\t\t\t\t\t\t\t\t\t\t\t\t\t\t\t<img decoding=\"async\" width=\"800\" height=\"450\" src=\"https:\/\/ravello.abrigovirtual.com.br\/es\/wp-content\/uploads\/sites\/2\/2026\/04\/digital-world-map-hologram-blue-background-1024x576.jpg\" class=\"attachment-large size-large wp-image-113\" alt=\"\" srcset=\"https:\/\/ravello.abrigovirtual.com.br\/es\/wp-content\/uploads\/sites\/2\/2026\/04\/digital-world-map-hologram-blue-background-1024x576.jpg 1024w, https:\/\/ravello.abrigovirtual.com.br\/es\/wp-content\/uploads\/sites\/2\/2026\/04\/digital-world-map-hologram-blue-background-300x169.jpg 300w, https:\/\/ravello.abrigovirtual.com.br\/es\/wp-content\/uploads\/sites\/2\/2026\/04\/digital-world-map-hologram-blue-background-768x432.jpg 768w, https:\/\/ravello.abrigovirtual.com.br\/es\/wp-content\/uploads\/sites\/2\/2026\/04\/digital-world-map-hologram-blue-background-1536x864.jpg 1536w, https:\/\/ravello.abrigovirtual.com.br\/es\/wp-content\/uploads\/sites\/2\/2026\/04\/digital-world-map-hologram-blue-background.jpg 1920w\" sizes=\"(max-width: 800px) 100vw, 800px\" \/>\t\t\t\t\t\t\t\t\t\t\t\t\t\t\t<\/div>\n\t\t\t\t<\/div>\n\t\t\t\t\t<\/div>\n\t\t\t\t<\/div>\n\t\t<div class=\"elementor-element elementor-element-b4da618 e-flex e-con-boxed e-con e-parent\" data-id=\"b4da618\" data-element_type=\"container\" data-e-type=\"container\" data-settings=\"{&quot;background_background&quot;:&quot;classic&quot;}\">\n\t\t\t\t\t<div class=\"e-con-inner\">\n\t\t\t\t<div class=\"elementor-element elementor-element-7c9375b elementor-widget elementor-widget-heading\" data-id=\"7c9375b\" data-element_type=\"widget\" data-e-type=\"widget\" data-widget_type=\"heading.default\">\n\t\t\t\t\t<h3 class=\"elementor-heading-title elementor-size-default\">Log\u00edstica Sostenible y Reducci\u00f3n de CO\u2082\n<\/h3>\t\t\t\t<\/div>\n\t\t\t\t<div class=\"elementor-element elementor-element-7fed5a9 elementor-widget elementor-widget-text-editor\" data-id=\"7fed5a9\" data-element_type=\"widget\" data-e-type=\"widget\" data-widget_type=\"text-editor.default\">\n\t\t\t\t\t\t\t\t\t<p>Comprometidos con la sostenibilidad, trabajamos junto con nuestros clientes para reducir la huella de carbono en las operaciones log\u00edsticas.<\/p><p>Creemos que el primer paso para una gesti\u00f3n eficiente es la medici\u00f3n de las emisiones. Por eso, facilitamos el monitoreo de la huella de carbono en cada operaci\u00f3n, contribuyendo a decisiones m\u00e1s sostenibles y responsables.<\/p>\t\t\t\t\t\t\t\t<\/div>\n\t\t\t\t\t<\/div>\n\t\t\t\t<\/div>\n\t\t<div class=\"elementor-element elementor-element-d1e3bdb e-flex e-con-boxed e-con e-parent\" data-id=\"d1e3bdb\" data-element_type=\"container\" data-e-type=\"container\">\n\t\t\t\t\t<div class=\"e-con-inner\">\n\t\t<div class=\"elementor-element elementor-element-fb78208 e-con-full e-flex e-con e-child\" data-id=\"fb78208\" data-element_type=\"container\" data-e-type=\"container\">\n\t\t<div class=\"elementor-element elementor-element-335edd8 e-con-full e-flex e-con e-child\" data-id=\"335edd8\" data-element_type=\"container\" data-e-type=\"container\">\n\t\t\t\t<div class=\"elementor-element elementor-element-ecddf16 elementor-widget elementor-widget-heading\" data-id=\"ecddf16\" data-element_type=\"widget\" data-e-type=\"widget\" data-widget_type=\"heading.default\">\n\t\t\t\t\t<h3 class=\"elementor-heading-title elementor-size-default\">Tecnolog\u00eda e Innovaci\u00f3n en Log\u00edstica\n<\/h3>\t\t\t\t<\/div>\n\t\t\t\t<div class=\"elementor-element elementor-element-f0c5277 elementor-widget-divider--view-line elementor-widget elementor-widget-divider\" data-id=\"f0c5277\" data-element_type=\"widget\" data-e-type=\"widget\" data-widget_type=\"divider.default\">\n\t\t\t\t\t\t\t<div class=\"elementor-divider\">\n\t\t\t<span class=\"elementor-divider-separator\">\n\t\t\t\t\t\t<\/span>\n\t\t<\/div>\n\t\t\t\t\t\t<\/div>\n\t\t\t\t<div class=\"elementor-element elementor-element-a02911c elementor-widget elementor-widget-text-editor\" data-id=\"a02911c\" data-element_type=\"widget\" data-e-type=\"widget\" data-widget_type=\"text-editor.default\">\n\t\t\t\t\t\t\t\t\t<p>Invertimos continuamente en <strong>tecnolog\u00eda aplicada a la log\u00edstica<\/strong>, en colaboraci\u00f3n con universidades y empresas del sector.<\/p><p>Esto nos permite ofrecer soluciones m\u00e1s inteligentes, con un mayor control operativo y un mejor rendimiento en toda la cadena log\u00edstica.<\/p><p>Tambi\u00e9n ayudamos en la gesti\u00f3n de dep\u00f3sitos aduaneros, garantizando que los costos est\u00e9n alineados con el uso y la estrategia de su operaci\u00f3n.<\/p>\t\t\t\t\t\t\t\t<\/div>\n\t\t\t\t<\/div>\n\t\t\t\t<\/div>\n\t\t<div class=\"elementor-element elementor-element-4277e91 e-con-full e-flex e-con e-child\" data-id=\"4277e91\" data-element_type=\"container\" data-e-type=\"container\">\n\t\t\t\t<div class=\"elementor-element elementor-element-3a7e6da elementor-widget elementor-widget-image\" data-id=\"3a7e6da\" data-element_type=\"widget\" data-e-type=\"widget\" data-widget_type=\"image.default\">\n\t\t\t\t\t\t\t\t\t\t\t\t\t\t\t<img decoding=\"async\" width=\"800\" height=\"661\" src=\"https:\/\/ravello.abrigovirtual.com.br\/es\/wp-content\/uploads\/sites\/2\/2026\/04\/circulo2-1.png\" class=\"attachment-large size-large wp-image-21\" alt=\"\" srcset=\"https:\/\/ravello.abrigovirtual.com.br\/es\/wp-content\/uploads\/sites\/2\/2026\/04\/circulo2-1.png 873w, https:\/\/ravello.abrigovirtual.com.br\/es\/wp-content\/uploads\/sites\/2\/2026\/04\/circulo2-1-300x248.png 300w, https:\/\/ravello.abrigovirtual.com.br\/es\/wp-content\/uploads\/sites\/2\/2026\/04\/circulo2-1-768x634.png 768w\" sizes=\"(max-width: 800px) 100vw, 800px\" \/>\t\t\t\t\t\t\t\t\t\t\t\t\t\t\t<\/div>\n\t\t\t\t<\/div>\n\t\t\t\t\t<\/div>\n\t\t\t\t<\/div>\n\t\t<div class=\"elementor-element elementor-element-226093c e-flex e-con-boxed e-con e-parent\" data-id=\"226093c\" data-element_type=\"container\" data-e-type=\"container\" data-settings=\"{&quot;background_background&quot;:&quot;classic&quot;}\">\n\t\t\t\t\t<div class=\"e-con-inner\">\n\t\t\t\t<div class=\"elementor-element elementor-element-9c8bda8 elementor-widget elementor-widget-heading\" data-id=\"9c8bda8\" data-element_type=\"widget\" data-e-type=\"widget\" data-widget_type=\"heading.default\">\n\t\t\t\t\t<h3 class=\"elementor-heading-title elementor-size-default\">Seguimiento de Cargas con RAVTRANS\n<\/h3>\t\t\t\t<\/div>\n\t\t\t\t<div class=\"elementor-element elementor-element-4ecd12e elementor-widget elementor-widget-text-editor\" data-id=\"4ecd12e\" data-element_type=\"widget\" data-e-type=\"widget\" data-widget_type=\"text-editor.default\">\n\t\t\t\t\t\t\t\t\t<p data-start=\"1807\" data-end=\"1953\">Con el sistema <strong>RAVTRANS<\/strong>, usted puede seguir sus cargas en tiempo real, con total transparencia y control.<\/p><p data-start=\"1955\" data-end=\"1991\">Nuestra plataforma en l\u00ednea permite: Monitoreo completo de los env\u00edos, Actualizaciones en tiempo real, Acceso las 24 horas del d\u00eda, desde cualquier lugar, Visualizaci\u00f3n de todos los movimientos de la carga<\/p><p data-start=\"2168\" data-end=\"2249\">Todo ello con una experiencia simple, fiable y orientada a la toma de decisiones.<\/p>\t\t\t\t\t\t\t\t<\/div>\n\t\t\t\t\t<\/div>\n\t\t\t\t<\/div>\n\t\t<div class=\"elementor-element elementor-element-77a5e87 e-flex e-con-boxed e-con e-parent\" data-id=\"77a5e87\" data-element_type=\"container\" data-e-type=\"container\" data-settings=\"{&quot;background_background&quot;:&quot;classic&quot;}\">\n\t\t\t\t\t<div class=\"e-con-inner\">\n\t\t<div class=\"elementor-element elementor-element-67bcfde e-con-full e-flex e-con e-child\" data-id=\"67bcfde\" data-element_type=\"container\" data-e-type=\"container\">\n\t\t\t\t<div class=\"elementor-element elementor-element-d1b9dab elementor-widget elementor-widget-heading\" data-id=\"d1b9dab\" data-element_type=\"widget\" data-e-type=\"widget\" data-widget_type=\"heading.default\">\n\t\t\t\t\t<h1 class=\"elementor-heading-title elementor-size-default\">P\u00f3ngase en contacto con nosotros\n<\/h1>\t\t\t\t<\/div>\n\t\t\t\t<div class=\"elementor-element elementor-element-0c59c1f elementor-widget elementor-widget-text-editor\" data-id=\"0c59c1f\" data-element_type=\"widget\" data-e-type=\"widget\" data-widget_type=\"text-editor.default\">\n\t\t\t\t\t\t\t\t\tD\u00e9jenos sus datos y nos pondremos en contacto con usted.\t\t\t\t\t\t\t\t<\/div>\n\t\t\t\t<div class=\"elementor-element elementor-element-62c409f elementor-mobile-align-center elementor-align-left elementor-widget elementor-widget-button\" data-id=\"62c409f\" data-element_type=\"widget\" data-e-type=\"widget\" data-widget_type=\"button.default\">\n\t\t\t\t\t\t\t\t\t\t<a class=\"elementor-button elementor-button-link elementor-size-sm\" href=\"#\">\n\t\t\t\t\t\t<span class=\"elementor-button-content-wrapper\">\n\t\t\t\t\t\t\t\t\t<span class=\"elementor-button-text\">Cont\u00e1ctenos<\/span>\n\t\t\t\t\t<\/span>\n\t\t\t\t\t<\/a>\n\t\t\t\t\t\t\t\t<\/div>\n\t\t\t\t<\/div>\n\t\t<div class=\"elementor-element elementor-element-52bfcdf e-con-full e-flex e-con e-child\" data-id=\"52bfcdf\" data-element_type=\"container\" data-e-type=\"container\" data-settings=\"{&quot;background_background&quot;:&quot;classic&quot;}\">\n\t\t\t\t<div class=\"elementor-element elementor-element-5fcc22a elementor-widget elementor-widget-shortcode\" data-id=\"5fcc22a\" data-element_type=\"widget\" data-e-type=\"widget\" data-widget_type=\"shortcode.default\">\n\t\t\t\t\t\t\t<div class=\"elementor-shortcode\">\n<div class=\"wpcf7 no-js\" id=\"wpcf7-f241-o1\" lang=\"pt-BR\" dir=\"ltr\" data-wpcf7-id=\"241\">\n<div class=\"screen-reader-response\"><p role=\"status\" aria-live=\"polite\" aria-atomic=\"true\"><\/p> <ul><\/ul><\/div>\n<form action=\"\/es\/wp-json\/wp\/v2\/pages\/44#wpcf7-f241-o1\" method=\"post\" class=\"wpcf7-form init\" aria-label=\"Formul\u00e1rios de contato\" novalidate=\"novalidate\" data-status=\"init\">\n<fieldset class=\"hidden-fields-container\"><input type=\"hidden\" name=\"_wpcf7\" value=\"241\" \/><input type=\"hidden\" name=\"_wpcf7_version\" value=\"6.1.5\" \/><input type=\"hidden\" name=\"_wpcf7_locale\" value=\"pt_BR\" \/><input type=\"hidden\" name=\"_wpcf7_unit_tag\" value=\"wpcf7-f241-o1\" \/><input type=\"hidden\" name=\"_wpcf7_container_post\" value=\"0\" \/><input type=\"hidden\" name=\"_wpcf7_posted_data_hash\" value=\"\" \/>\n<\/fieldset>\n<p><label><span class=\"wpcf7-form-control-wrap\" data-name=\"your-name\"><input size=\"40\" maxlength=\"400\" class=\"wpcf7-form-control wpcf7-text wpcf7-validates-as-required\" aria-required=\"true\" aria-invalid=\"false\" placeholder=\"Tu Nombre\" value=\"\" type=\"text\" name=\"your-name\" \/><\/span><\/label>\n<\/p>\n<p><label><span class=\"wpcf7-form-control-wrap\" data-name=\"your-email\"><input size=\"40\" maxlength=\"400\" class=\"wpcf7-form-control wpcf7-email wpcf7-validates-as-required wpcf7-text wpcf7-validates-as-email\" aria-required=\"true\" aria-invalid=\"false\" placeholder=\"Tu correo electr\u00f3nico\" value=\"\" type=\"email\" name=\"your-email\" \/><\/span> <\/label>\n<\/p>\n<p><label><span class=\"wpcf7-form-control-wrap\" data-name=\"your-subject\"><input size=\"40\" maxlength=\"400\" class=\"wpcf7-form-control wpcf7-text wpcf7-validates-as-required\" aria-required=\"true\" aria-invalid=\"false\" placeholder=\"Assunto\" value=\"\" type=\"text\" name=\"your-subject\" \/><\/span> <\/label>\n<\/p>\n<p><label><span class=\"wpcf7-form-control-wrap\" data-name=\"your-message\"><textarea cols=\"40\" rows=\"10\" maxlength=\"2000\" class=\"wpcf7-form-control wpcf7-textarea\" aria-invalid=\"false\" placeholder=\"Tu mensaje (opcional)\" name=\"your-message\"><\/textarea><\/span> <\/label>\n<\/p>\n<p><input class=\"wpcf7-form-control wpcf7-submit has-spinner\" type=\"submit\" value=\"Enviar\" \/>\n<\/p><div class=\"wpcf7-response-output\" aria-hidden=\"true\"><\/div>\n<\/form>\n<\/div>\n<\/div>\n\t\t\t\t\t\t<\/div>\n\t\t\t\t<\/div>\n\t\t\t\t\t<\/div>\n\t\t\t\t<\/div>\n\t\t\t\t<\/div>\n\t\t","protected":false},"excerpt":{"rendered":"<p>Servicios y sectores Tr\u00e2nsito a\u00e9reo, mar\u00edtimo e terrestre Transporte Internacional A\u00e9reo, Mar\u00edtimo y Terrestre Ravello Logistics ofrece soluciones completas en transporte internacional de cargas, operando en las modalidades a\u00e9rea, mar\u00edtima y terrestre. Transportamos mercanc\u00edas de cualquier tipo, tama\u00f1o o peso a cualquier destino del mundo, siempre con atenci\u00f3n personalizada y enfoque en la eficiencia, la [&hellip;]<\/p>\n","protected":false},"author":1,"featured_media":0,"parent":0,"menu_order":0,"comment_status":"closed","ping_status":"closed","template":"","meta":{"footnotes":""},"class_list":["post-44","page","type-page","status-publish","hentry"],"_links":{"self":[{"href":"https:\/\/ravello.abrigovirtual.com.br\/es\/wp-json\/wp\/v2\/pages\/44","targetHints":{"allow":["GET"]}}],"collection":[{"href":"https:\/\/ravello.abrigovirtual.com.br\/es\/wp-json\/wp\/v2\/pages"}],"about":[{"href":"https:\/\/ravello.abrigovirtual.com.br\/es\/wp-json\/wp\/v2\/types\/page"}],"author":[{"embeddable":true,"href":"https:\/\/ravello.abrigovirtual.com.br\/es\/wp-json\/wp\/v2\/users\/1"}],"replies":[{"embeddable":true,"href":"https:\/\/ravello.abrigovirtual.com.br\/es\/wp-json\/wp\/v2\/comments?post=44"}],"version-history":[{"count":10,"href":"https:\/\/ravello.abrigovirtual.com.br\/es\/wp-json\/wp\/v2\/pages\/44\/revisions"}],"predecessor-version":[{"id":293,"href":"https:\/\/ravello.abrigovirtual.com.br\/es\/wp-json\/wp\/v2\/pages\/44\/revisions\/293"}],"wp:attachment":[{"href":"https:\/\/ravello.abrigovirtual.com.br\/es\/wp-json\/wp\/v2\/media?parent=44"}],"curies":[{"name":"wp","href":"https:\/\/api.w.org\/{rel}","templated":true}]}}