{"id":46,"date":"2026-04-07T05:46:45","date_gmt":"2026-04-07T08:46:45","guid":{"rendered":"https:\/\/ravello.abrigovirtual.com.br\/es\/?page_id=46"},"modified":"2026-04-10T13:05:59","modified_gmt":"2026-04-10T16:05:59","slug":"tramites-aduaneros","status":"publish","type":"page","link":"https:\/\/ravello.abrigovirtual.com.br\/es\/tramites-aduaneros\/","title":{"rendered":"Tr\u00e1mites\u00a0aduaneros"},"content":{"rendered":"\t\t<div data-elementor-type=\"wp-page\" data-elementor-id=\"46\" class=\"elementor elementor-46\" data-elementor-post-type=\"page\">\n\t\t\t\t<div class=\"elementor-element elementor-element-429d25e e-flex e-con-boxed e-con e-parent\" data-id=\"429d25e\" data-element_type=\"container\" data-e-type=\"container\" data-settings=\"{&quot;background_background&quot;:&quot;classic&quot;,&quot;shape_divider_bottom&quot;:&quot;opacity-tilt&quot;}\">\n\t\t\t\t\t<div class=\"e-con-inner\">\n\t\t\t\t<div class=\"elementor-shape elementor-shape-bottom\" aria-hidden=\"true\" data-negative=\"false\">\n\t\t\t<svg xmlns=\"http:\/\/www.w3.org\/2000\/svg\" viewBox=\"0 0 2600 131.1\" preserveAspectRatio=\"none\">\n\t<path class=\"elementor-shape-fill\" d=\"M0 0L2600 0 2600 69.1 0 0z\"\/>\n\t<path class=\"elementor-shape-fill\" style=\"opacity:0.5\" d=\"M0 0L2600 0 2600 69.1 0 69.1z\"\/>\n\t<path class=\"elementor-shape-fill\" style=\"opacity:0.25\" d=\"M2600 0L0 0 0 130.1 2600 69.1z\"\/>\n<\/svg>\t\t<\/div>\n\t\t\t\t<div class=\"elementor-element elementor-element-4a180e0 elementor-widget elementor-widget-heading\" data-id=\"4a180e0\" data-element_type=\"widget\" data-e-type=\"widget\" data-widget_type=\"heading.default\">\n\t\t\t\t\t<h6 class=\"elementor-heading-title elementor-size-default\">Servicios y sectores<\/h6>\t\t\t\t<\/div>\n\t\t\t\t<div class=\"elementor-element elementor-element-4a42247 elementor-widget elementor-widget-heading\" data-id=\"4a42247\" data-element_type=\"widget\" data-e-type=\"widget\" data-widget_type=\"heading.default\">\n\t\t\t\t\t<h1 class=\"elementor-heading-title elementor-size-default\">Tr\u00e1mites\u00a0aduaneros<\/h1>\t\t\t\t<\/div>\n\t\t\t\t\t<\/div>\n\t\t\t\t<\/div>\n\t\t<div class=\"elementor-element elementor-element-0171d73 e-flex e-con-boxed e-con e-parent\" data-id=\"0171d73\" data-element_type=\"container\" data-e-type=\"container\">\n\t\t\t\t\t<div class=\"e-con-inner\">\n\t\t<div class=\"elementor-element elementor-element-5ec2d1e e-con-full e-flex e-con e-child\" data-id=\"5ec2d1e\" data-element_type=\"container\" data-e-type=\"container\">\n\t\t<div class=\"elementor-element elementor-element-41ba71b e-con-full e-flex e-con e-child\" data-id=\"41ba71b\" data-element_type=\"container\" data-e-type=\"container\">\n\t\t\t\t<div class=\"elementor-element elementor-element-46d7c12 elementor-widget elementor-widget-image\" data-id=\"46d7c12\" data-element_type=\"widget\" data-e-type=\"widget\" data-widget_type=\"image.default\">\n\t\t\t\t\t\t\t\t\t\t\t\t\t\t\t<img fetchpriority=\"high\" decoding=\"async\" width=\"800\" height=\"538\" src=\"https:\/\/ravello.abrigovirtual.com.br\/es\/wp-content\/uploads\/sites\/2\/2026\/04\/homebrasilposible.png\" class=\"attachment-large size-large wp-image-217\" alt=\"\" srcset=\"https:\/\/ravello.abrigovirtual.com.br\/es\/wp-content\/uploads\/sites\/2\/2026\/04\/homebrasilposible.png 800w, https:\/\/ravello.abrigovirtual.com.br\/es\/wp-content\/uploads\/sites\/2\/2026\/04\/homebrasilposible-300x202.png 300w, https:\/\/ravello.abrigovirtual.com.br\/es\/wp-content\/uploads\/sites\/2\/2026\/04\/homebrasilposible-768x516.png 768w\" sizes=\"(max-width: 800px) 100vw, 800px\" \/>\t\t\t\t\t\t\t\t\t\t\t\t\t\t\t<\/div>\n\t\t\t\t<\/div>\n\t\t\t\t<\/div>\n\t\t<div class=\"elementor-element elementor-element-98c3a51 e-con-full e-flex e-con e-child\" data-id=\"98c3a51\" data-element_type=\"container\" data-e-type=\"container\">\n\t\t\t\t<div class=\"elementor-element elementor-element-9ab87ad elementor-widget elementor-widget-heading\" data-id=\"9ab87ad\" data-element_type=\"widget\" data-e-type=\"widget\" data-widget_type=\"heading.default\">\n\t\t\t\t\t<h3 class=\"elementor-heading-title elementor-size-default\">Reg\u00edmenes Aduaneros y Gesti\u00f3n Aduanera Estrat\u00e9gica<\/h3>\t\t\t\t<\/div>\n\t\t\t\t<div class=\"elementor-element elementor-element-25495c9 elementor-widget elementor-widget-text-editor\" data-id=\"25495c9\" data-element_type=\"widget\" data-e-type=\"widget\" data-widget_type=\"text-editor.default\">\n\t\t\t\t\t\t\t\t\t<p>Ofrecemos soluciones completas en <strong>reg\u00edmenes aduaneros<\/strong>, adaptando nuestros servicios a los objetivos de su empresa para garantizar una gesti\u00f3n simple, \u00e1gil y eficiente.<\/p><p>Nuestro equipo especializado orienta sobre el mejor encuadre aduanero, ayudando a reducir costos, optimizar procesos y garantizar el pleno cumplimiento de la legislaci\u00f3n.<\/p>\t\t\t\t\t\t\t\t<\/div>\n\t\t\t\t<\/div>\n\t\t\t\t\t<\/div>\n\t\t\t\t<\/div>\n\t\t<div class=\"elementor-element elementor-element-f49aacd e-flex e-con-boxed e-con e-parent\" data-id=\"f49aacd\" data-element_type=\"container\" data-e-type=\"container\" data-settings=\"{&quot;background_background&quot;:&quot;classic&quot;}\">\n\t\t\t\t\t<div class=\"e-con-inner\">\n\t\t<div class=\"elementor-element elementor-element-40627de e-con-full e-flex e-con e-child\" data-id=\"40627de\" data-element_type=\"container\" data-e-type=\"container\">\n\t\t<div class=\"elementor-element elementor-element-f38e29a e-con-full e-flex e-con e-child\" data-id=\"f38e29a\" data-element_type=\"container\" data-e-type=\"container\">\n\t\t\t\t<div class=\"elementor-element elementor-element-f31a4d7 elementor-widget elementor-widget-heading\" data-id=\"f31a4d7\" data-element_type=\"widget\" data-e-type=\"widget\" data-widget_type=\"heading.default\">\n\t\t\t\t\t<h3 class=\"elementor-heading-title elementor-size-default\">Optimizaci\u00f3n de Procesos Aduaneros<\/h3>\t\t\t\t<\/div>\n\t\t\t\t<div class=\"elementor-element elementor-element-6a78b2e elementor-widget-divider--view-line elementor-widget elementor-widget-divider\" data-id=\"6a78b2e\" data-element_type=\"widget\" data-e-type=\"widget\" data-widget_type=\"divider.default\">\n\t\t\t\t\t\t\t<div class=\"elementor-divider\">\n\t\t\t<span class=\"elementor-divider-separator\">\n\t\t\t\t\t\t<\/span>\n\t\t<\/div>\n\t\t\t\t\t\t<\/div>\n\t\t\t\t<div class=\"elementor-element elementor-element-c909cba elementor-widget elementor-widget-text-editor\" data-id=\"c909cba\" data-element_type=\"widget\" data-e-type=\"widget\" data-widget_type=\"text-editor.default\">\n\t\t\t\t\t\t\t\t\t<h5>La optimizaci\u00f3n del procesamiento aduanero es solo una parte de nuestro compromiso con la excelencia operativa.<\/h5><p>Coordinamos de forma integrada a todos los agentes involucrados en las operaciones de comercio exterior, entre ellos:<\/p><ul><li>Aduana y autoridades fiscales<\/li><li>Organismos reguladores (salud, vigilancia sanitaria, veterinaria y farmac\u00e9utica)<\/li><li>Compa\u00f1\u00edas mar\u00edtimas y a\u00e9reas<\/li><li>Operadores de transporte terrestre<\/li><\/ul><p>\u00a0<\/p><p>Esta integraci\u00f3n garantiza una mayor eficiencia operativa, reducci\u00f3n de plazos y disminuci\u00f3n de los costos log\u00edsticos.<\/p>\t\t\t\t\t\t\t\t<\/div>\n\t\t\t\t<\/div>\n\t\t\t\t<\/div>\n\t\t<div class=\"elementor-element elementor-element-e2a9251 e-con-full e-flex e-con e-child\" data-id=\"e2a9251\" data-element_type=\"container\" data-e-type=\"container\">\n\t\t\t\t<div class=\"elementor-element elementor-element-d293e76 elementor-widget elementor-widget-image\" data-id=\"d293e76\" data-element_type=\"widget\" data-e-type=\"widget\" data-widget_type=\"image.default\">\n\t\t\t\t\t\t\t\t\t\t\t\t\t\t\t<img decoding=\"async\" width=\"800\" height=\"534\" src=\"https:\/\/ravello.abrigovirtual.com.br\/es\/wp-content\/uploads\/sites\/2\/2026\/04\/home_brasil-1024x683-1.png\" class=\"attachment-large size-large wp-image-156\" alt=\"\" srcset=\"https:\/\/ravello.abrigovirtual.com.br\/es\/wp-content\/uploads\/sites\/2\/2026\/04\/home_brasil-1024x683-1.png 1024w, https:\/\/ravello.abrigovirtual.com.br\/es\/wp-content\/uploads\/sites\/2\/2026\/04\/home_brasil-1024x683-1-300x200.png 300w, https:\/\/ravello.abrigovirtual.com.br\/es\/wp-content\/uploads\/sites\/2\/2026\/04\/home_brasil-1024x683-1-768x512.png 768w\" sizes=\"(max-width: 800px) 100vw, 800px\" \/>\t\t\t\t\t\t\t\t\t\t\t\t\t\t\t<\/div>\n\t\t\t\t<\/div>\n\t\t\t\t\t<\/div>\n\t\t\t\t<\/div>\n\t\t<div class=\"elementor-element elementor-element-77fbd50 e-flex e-con-boxed e-con e-parent\" data-id=\"77fbd50\" data-element_type=\"container\" data-e-type=\"container\" data-settings=\"{&quot;background_background&quot;:&quot;classic&quot;}\">\n\t\t\t\t\t<div class=\"e-con-inner\">\n\t\t\t\t<div class=\"elementor-element elementor-element-21868b0 elementor-widget elementor-widget-heading\" data-id=\"21868b0\" data-element_type=\"widget\" data-e-type=\"widget\" data-widget_type=\"heading.default\">\n\t\t\t\t\t<h3 class=\"elementor-heading-title elementor-size-default\">Especialistas en Reg\u00edmenes Aduaneros Generales y Especiales<\/h3>\t\t\t\t<\/div>\n\t\t\t\t<div class=\"elementor-element elementor-element-b4a9681 elementor-widget elementor-widget-text-editor\" data-id=\"b4a9681\" data-element_type=\"widget\" data-e-type=\"widget\" data-widget_type=\"text-editor.default\">\n\t\t\t\t\t\t\t\t\t<p data-start=\"971\" data-end=\"1154\">Actuamos con experiencia en la gesti\u00f3n de diversos reg\u00edmenes aduaneros, tanto generales como especiales, entre ellos (Dep\u00f3sitos aduaneros y vinculados, Zonas francas, Reg\u00edmenes de importaci\u00f3n temporal, Perfeccionamiento activo y pasivo, Transformaci\u00f3n bajo control aduanero, Destinos aduaneros especiales)<\/p><p data-start=\"1351\" data-end=\"1465\">Nuestra actuaci\u00f3n permite identificar las mejores oportunidades fiscales y operativas para cada tipo de operaci\u00f3n.<\/p>\t\t\t\t\t\t\t\t<\/div>\n\t\t\t\t\t<\/div>\n\t\t\t\t<\/div>\n\t\t<div class=\"elementor-element elementor-element-c67bd7f e-flex e-con-boxed e-con e-parent\" data-id=\"c67bd7f\" data-element_type=\"container\" data-e-type=\"container\">\n\t\t\t\t\t<div class=\"e-con-inner\">\n\t\t<div class=\"elementor-element elementor-element-a796d29 e-con-full e-flex e-con e-child\" data-id=\"a796d29\" data-element_type=\"container\" data-e-type=\"container\">\n\t\t<div class=\"elementor-element elementor-element-5fb59d0 e-con-full e-flex e-con e-child\" data-id=\"5fb59d0\" data-element_type=\"container\" data-e-type=\"container\">\n\t\t\t\t<div class=\"elementor-element elementor-element-3621070 elementor-widget elementor-widget-heading\" data-id=\"3621070\" data-element_type=\"widget\" data-e-type=\"widget\" data-widget_type=\"heading.default\">\n\t\t\t\t\t<h3 class=\"elementor-heading-title elementor-size-default\">Planificaci\u00f3n Estrat\u00e9gica y Ejecuci\u00f3n Especializada\n<\/h3>\t\t\t\t<\/div>\n\t\t\t\t<div class=\"elementor-element elementor-element-bb6c9b3 elementor-widget-divider--view-line elementor-widget elementor-widget-divider\" data-id=\"bb6c9b3\" data-element_type=\"widget\" data-e-type=\"widget\" data-widget_type=\"divider.default\">\n\t\t\t\t\t\t\t<div class=\"elementor-divider\">\n\t\t\t<span class=\"elementor-divider-separator\">\n\t\t\t\t\t\t<\/span>\n\t\t<\/div>\n\t\t\t\t\t\t<\/div>\n\t\t\t\t<div class=\"elementor-element elementor-element-38b7a36 elementor-widget elementor-widget-text-editor\" data-id=\"38b7a36\" data-element_type=\"widget\" data-e-type=\"widget\" data-widget_type=\"text-editor.default\">\n\t\t\t\t\t\t\t\t\t<p>Ofrecemos soluciones personalizadas adaptadas a cada proyecto, que incluyen:<\/p><ul><li>Estudio de viabilidad log\u00edstica<\/li><li>Planificaci\u00f3n de rutas y modos de transporte<\/li><li>Coordinaci\u00f3n multimodal (mar\u00edtima, a\u00e9rea y terrestre)<\/li><li>Gesti\u00f3n de riesgos y compliance<\/li><li>Supervisi\u00f3n completa de la operaci\u00f3n<\/li><\/ul><p><br \/>Nuestro enfoque permite ejecutar proyectos altamente exigentes con precisi\u00f3n y seguridad.<\/p>\t\t\t\t\t\t\t\t<\/div>\n\t\t\t\t<\/div>\n\t\t\t\t<\/div>\n\t\t<div class=\"elementor-element elementor-element-3230a92 e-con-full e-flex e-con e-child\" data-id=\"3230a92\" data-element_type=\"container\" data-e-type=\"container\">\n\t\t\t\t<div class=\"elementor-element elementor-element-7267dd3 elementor-widget elementor-widget-image\" data-id=\"7267dd3\" data-element_type=\"widget\" data-e-type=\"widget\" data-widget_type=\"image.default\">\n\t\t\t\t\t\t\t\t\t\t\t\t\t\t\t<img decoding=\"async\" width=\"800\" height=\"527\" src=\"https:\/\/ravello.abrigovirtual.com.br\/es\/wp-content\/uploads\/sites\/2\/2026\/04\/oficina01.png\" class=\"attachment-large size-large wp-image-194\" alt=\"\" srcset=\"https:\/\/ravello.abrigovirtual.com.br\/es\/wp-content\/uploads\/sites\/2\/2026\/04\/oficina01.png 861w, https:\/\/ravello.abrigovirtual.com.br\/es\/wp-content\/uploads\/sites\/2\/2026\/04\/oficina01-300x198.png 300w, https:\/\/ravello.abrigovirtual.com.br\/es\/wp-content\/uploads\/sites\/2\/2026\/04\/oficina01-768x506.png 768w\" sizes=\"(max-width: 800px) 100vw, 800px\" \/>\t\t\t\t\t\t\t\t\t\t\t\t\t\t\t<\/div>\n\t\t\t\t<\/div>\n\t\t\t\t\t<\/div>\n\t\t\t\t<\/div>\n\t\t<div class=\"elementor-element elementor-element-67598a3 e-flex e-con-boxed e-con e-parent\" data-id=\"67598a3\" data-element_type=\"container\" data-e-type=\"container\" data-settings=\"{&quot;background_background&quot;:&quot;classic&quot;}\">\n\t\t\t\t\t<div class=\"e-con-inner\">\n\t\t\t\t<div class=\"elementor-element elementor-element-11f05ce elementor-position-left elementor-position-left elementor-vertical-align-top elementor-widget elementor-widget-image-box\" data-id=\"11f05ce\" data-element_type=\"widget\" data-e-type=\"widget\" data-widget_type=\"image-box.default\">\n\t\t\t\t\t<div class=\"elementor-image-box-wrapper\"><figure class=\"elementor-image-box-img\"><img loading=\"lazy\" decoding=\"async\" width=\"350\" height=\"280\" src=\"https:\/\/ravello.abrigovirtual.com.br\/es\/wp-content\/uploads\/sites\/2\/2026\/04\/img-certificado-04.png\" class=\"attachment-full size-full wp-image-25\" alt=\"\" srcset=\"https:\/\/ravello.abrigovirtual.com.br\/es\/wp-content\/uploads\/sites\/2\/2026\/04\/img-certificado-04.png 350w, https:\/\/ravello.abrigovirtual.com.br\/es\/wp-content\/uploads\/sites\/2\/2026\/04\/img-certificado-04-300x240.png 300w\" sizes=\"(max-width: 350px) 100vw, 350px\" \/><\/figure><div class=\"elementor-image-box-content\"><h3 class=\"elementor-image-box-title\">Operador Econ\u00f3mico Autorizado (OEA \/ AEO)<\/h3><p class=\"elementor-image-box-description\"><p>Estamos certificados como Operador Econ\u00f3mico Autorizado (OEA \/ AEO), un reconocimiento concedido por la propia Aduana a empresas fiables y con un alto nivel de cumplimiento.<\/p>\n<p data-start=\"1778\" data-end=\"1804\">Esta certificaci\u00f3n garantiza:<\/p>\n\n<ul data-start=\"1806\" data-end=\"1989\">\n \t<li data-section-id=\"3z7qdi\" data-start=\"1806\" data-end=\"1850\">Mayor agilidad en los procesos aduaneros<\/li>\n \t<li data-section-id=\"6ealdy\" data-start=\"1851\" data-end=\"1889\">Reducci\u00f3n de inspecciones y burocracia<\/li>\n \t<li data-section-id=\"125ntij\" data-start=\"1890\" data-end=\"1944\">Prioridad en operaciones de importaci\u00f3n y exportaci\u00f3n<\/li>\n \t<li data-section-id=\"1b1ec85\" data-start=\"1945\" data-end=\"1989\">Seguridad y fiabilidad en las operaciones<\/li>\n<\/ul><br>\n<p data-start=\"1991\" data-end=\"2096\">Con ello, ofrecemos una ventaja competitiva relevante para nuestros clientes en el comercio internacional.<\/p><\/p><\/div><\/div>\t\t\t\t<\/div>\n\t\t\t\t\t<\/div>\n\t\t\t\t<\/div>\n\t\t<div class=\"elementor-element elementor-element-f4207a5 e-flex e-con-boxed e-con e-parent\" data-id=\"f4207a5\" data-element_type=\"container\" data-e-type=\"container\" data-settings=\"{&quot;background_background&quot;:&quot;classic&quot;}\">\n\t\t\t\t\t<div class=\"e-con-inner\">\n\t\t<div class=\"elementor-element elementor-element-4894ec8 e-con-full e-flex e-con e-child\" data-id=\"4894ec8\" data-element_type=\"container\" data-e-type=\"container\">\n\t\t\t\t<div class=\"elementor-element elementor-element-46a7de3 elementor-widget elementor-widget-heading\" data-id=\"46a7de3\" data-element_type=\"widget\" data-e-type=\"widget\" data-widget_type=\"heading.default\">\n\t\t\t\t\t<h1 class=\"elementor-heading-title elementor-size-default\">P\u00f3ngase en contacto con nosotros\n<\/h1>\t\t\t\t<\/div>\n\t\t\t\t<div class=\"elementor-element elementor-element-c355659 elementor-widget elementor-widget-text-editor\" data-id=\"c355659\" data-element_type=\"widget\" data-e-type=\"widget\" data-widget_type=\"text-editor.default\">\n\t\t\t\t\t\t\t\t\tD\u00e9jenos sus datos y nos pondremos en contacto con usted.\t\t\t\t\t\t\t\t<\/div>\n\t\t\t\t<div class=\"elementor-element elementor-element-bceb9c7 elementor-mobile-align-center elementor-align-left elementor-widget elementor-widget-button\" data-id=\"bceb9c7\" data-element_type=\"widget\" data-e-type=\"widget\" data-widget_type=\"button.default\">\n\t\t\t\t\t\t\t\t\t\t<a class=\"elementor-button elementor-button-link elementor-size-sm\" href=\"#\">\n\t\t\t\t\t\t<span class=\"elementor-button-content-wrapper\">\n\t\t\t\t\t\t\t\t\t<span class=\"elementor-button-text\">Cont\u00e1ctenos<\/span>\n\t\t\t\t\t<\/span>\n\t\t\t\t\t<\/a>\n\t\t\t\t\t\t\t\t<\/div>\n\t\t\t\t<\/div>\n\t\t<div class=\"elementor-element elementor-element-54a0bd3 e-con-full e-flex e-con e-child\" data-id=\"54a0bd3\" data-element_type=\"container\" data-e-type=\"container\" data-settings=\"{&quot;background_background&quot;:&quot;classic&quot;}\">\n\t\t\t\t<div class=\"elementor-element elementor-element-e15b758 elementor-widget elementor-widget-shortcode\" data-id=\"e15b758\" data-element_type=\"widget\" data-e-type=\"widget\" data-widget_type=\"shortcode.default\">\n\t\t\t\t\t\t\t<div class=\"elementor-shortcode\">\n<div class=\"wpcf7 no-js\" id=\"wpcf7-f241-o1\" lang=\"pt-BR\" dir=\"ltr\" data-wpcf7-id=\"241\">\n<div class=\"screen-reader-response\"><p role=\"status\" aria-live=\"polite\" aria-atomic=\"true\"><\/p> <ul><\/ul><\/div>\n<form action=\"\/es\/wp-json\/wp\/v2\/pages\/46#wpcf7-f241-o1\" method=\"post\" class=\"wpcf7-form init\" aria-label=\"Formul\u00e1rios de contato\" novalidate=\"novalidate\" data-status=\"init\">\n<fieldset class=\"hidden-fields-container\"><input type=\"hidden\" name=\"_wpcf7\" value=\"241\" \/><input type=\"hidden\" name=\"_wpcf7_version\" value=\"6.1.5\" \/><input type=\"hidden\" name=\"_wpcf7_locale\" value=\"pt_BR\" \/><input type=\"hidden\" name=\"_wpcf7_unit_tag\" value=\"wpcf7-f241-o1\" \/><input type=\"hidden\" name=\"_wpcf7_container_post\" value=\"0\" \/><input type=\"hidden\" name=\"_wpcf7_posted_data_hash\" value=\"\" \/>\n<\/fieldset>\n<p><label><span class=\"wpcf7-form-control-wrap\" data-name=\"your-name\"><input size=\"40\" maxlength=\"400\" class=\"wpcf7-form-control wpcf7-text wpcf7-validates-as-required\" aria-required=\"true\" aria-invalid=\"false\" placeholder=\"Tu Nombre\" value=\"\" type=\"text\" name=\"your-name\" \/><\/span><\/label>\n<\/p>\n<p><label><span class=\"wpcf7-form-control-wrap\" data-name=\"your-email\"><input size=\"40\" maxlength=\"400\" class=\"wpcf7-form-control wpcf7-email wpcf7-validates-as-required wpcf7-text wpcf7-validates-as-email\" aria-required=\"true\" aria-invalid=\"false\" placeholder=\"Tu correo electr\u00f3nico\" value=\"\" type=\"email\" name=\"your-email\" \/><\/span> <\/label>\n<\/p>\n<p><label><span class=\"wpcf7-form-control-wrap\" data-name=\"your-subject\"><input size=\"40\" maxlength=\"400\" class=\"wpcf7-form-control wpcf7-text wpcf7-validates-as-required\" aria-required=\"true\" aria-invalid=\"false\" placeholder=\"Assunto\" value=\"\" type=\"text\" name=\"your-subject\" \/><\/span> <\/label>\n<\/p>\n<p><label><span class=\"wpcf7-form-control-wrap\" data-name=\"your-message\"><textarea cols=\"40\" rows=\"10\" maxlength=\"2000\" class=\"wpcf7-form-control wpcf7-textarea\" aria-invalid=\"false\" placeholder=\"Tu mensaje (opcional)\" name=\"your-message\"><\/textarea><\/span> <\/label>\n<\/p>\n<p><input class=\"wpcf7-form-control wpcf7-submit has-spinner\" type=\"submit\" value=\"Enviar\" \/>\n<\/p><div class=\"wpcf7-response-output\" aria-hidden=\"true\"><\/div>\n<\/form>\n<\/div>\n<\/div>\n\t\t\t\t\t\t<\/div>\n\t\t\t\t<\/div>\n\t\t\t\t\t<\/div>\n\t\t\t\t<\/div>\n\t\t\t\t<\/div>\n\t\t","protected":false},"excerpt":{"rendered":"<p>Servicios y sectores Tr\u00e1mites\u00a0aduaneros Reg\u00edmenes Aduaneros y Gesti\u00f3n Aduanera Estrat\u00e9gica Ofrecemos soluciones completas en reg\u00edmenes aduaneros, adaptando nuestros servicios a los objetivos de su empresa para garantizar una gesti\u00f3n simple, \u00e1gil y eficiente. Nuestro equipo especializado orienta sobre el mejor encuadre aduanero, ayudando a reducir costos, optimizar procesos y garantizar el pleno cumplimiento de la [&hellip;]<\/p>\n","protected":false},"author":1,"featured_media":0,"parent":0,"menu_order":0,"comment_status":"closed","ping_status":"closed","template":"","meta":{"footnotes":""},"class_list":["post-46","page","type-page","status-publish","hentry"],"_links":{"self":[{"href":"https:\/\/ravello.abrigovirtual.com.br\/es\/wp-json\/wp\/v2\/pages\/46","targetHints":{"allow":["GET"]}}],"collection":[{"href":"https:\/\/ravello.abrigovirtual.com.br\/es\/wp-json\/wp\/v2\/pages"}],"about":[{"href":"https:\/\/ravello.abrigovirtual.com.br\/es\/wp-json\/wp\/v2\/types\/page"}],"author":[{"embeddable":true,"href":"https:\/\/ravello.abrigovirtual.com.br\/es\/wp-json\/wp\/v2\/users\/1"}],"replies":[{"embeddable":true,"href":"https:\/\/ravello.abrigovirtual.com.br\/es\/wp-json\/wp\/v2\/comments?post=46"}],"version-history":[{"count":13,"href":"https:\/\/ravello.abrigovirtual.com.br\/es\/wp-json\/wp\/v2\/pages\/46\/revisions"}],"predecessor-version":[{"id":270,"href":"https:\/\/ravello.abrigovirtual.com.br\/es\/wp-json\/wp\/v2\/pages\/46\/revisions\/270"}],"wp:attachment":[{"href":"https:\/\/ravello.abrigovirtual.com.br\/es\/wp-json\/wp\/v2\/media?parent=46"}],"curies":[{"name":"wp","href":"https:\/\/api.w.org\/{rel}","templated":true}]}}