{"id":48,"date":"2026-04-07T05:46:58","date_gmt":"2026-04-07T08:46:58","guid":{"rendered":"https:\/\/ravello.abrigovirtual.com.br\/es\/?page_id=48"},"modified":"2026-04-10T13:05:09","modified_gmt":"2026-04-10T16:05:09","slug":"asesoramiento-de-comercio-exterior","status":"publish","type":"page","link":"https:\/\/ravello.abrigovirtual.com.br\/es\/asesoramiento-de-comercio-exterior\/","title":{"rendered":"Asesoramiento\u00a0de\u00a0comercio\u00a0exterior"},"content":{"rendered":"\t\t<div data-elementor-type=\"wp-page\" data-elementor-id=\"48\" class=\"elementor elementor-48\" data-elementor-post-type=\"page\">\n\t\t\t\t<div class=\"elementor-element elementor-element-3486a3c e-flex e-con-boxed e-con e-parent\" data-id=\"3486a3c\" data-element_type=\"container\" data-e-type=\"container\" data-settings=\"{&quot;background_background&quot;:&quot;classic&quot;,&quot;shape_divider_bottom&quot;:&quot;opacity-tilt&quot;}\">\n\t\t\t\t\t<div class=\"e-con-inner\">\n\t\t\t\t<div class=\"elementor-shape elementor-shape-bottom\" aria-hidden=\"true\" data-negative=\"false\">\n\t\t\t<svg xmlns=\"http:\/\/www.w3.org\/2000\/svg\" viewBox=\"0 0 2600 131.1\" preserveAspectRatio=\"none\">\n\t<path class=\"elementor-shape-fill\" d=\"M0 0L2600 0 2600 69.1 0 0z\"\/>\n\t<path class=\"elementor-shape-fill\" style=\"opacity:0.5\" d=\"M0 0L2600 0 2600 69.1 0 69.1z\"\/>\n\t<path class=\"elementor-shape-fill\" style=\"opacity:0.25\" d=\"M2600 0L0 0 0 130.1 2600 69.1z\"\/>\n<\/svg>\t\t<\/div>\n\t\t\t\t<div class=\"elementor-element elementor-element-c607241 elementor-widget elementor-widget-heading\" data-id=\"c607241\" data-element_type=\"widget\" data-e-type=\"widget\" data-widget_type=\"heading.default\">\n\t\t\t\t\t<h6 class=\"elementor-heading-title elementor-size-default\">Servicios y sectores<\/h6>\t\t\t\t<\/div>\n\t\t\t\t<div class=\"elementor-element elementor-element-1483c4f elementor-widget elementor-widget-heading\" data-id=\"1483c4f\" data-element_type=\"widget\" data-e-type=\"widget\" data-widget_type=\"heading.default\">\n\t\t\t\t\t<h1 class=\"elementor-heading-title elementor-size-default\">Asesoramiento\u00a0de\u00a0comercio\u00a0exterior<\/h1>\t\t\t\t<\/div>\n\t\t\t\t\t<\/div>\n\t\t\t\t<\/div>\n\t\t<div class=\"elementor-element elementor-element-3afaacc e-flex e-con-boxed e-con e-parent\" data-id=\"3afaacc\" data-element_type=\"container\" data-e-type=\"container\">\n\t\t\t\t\t<div class=\"e-con-inner\">\n\t\t<div class=\"elementor-element elementor-element-e18dc66 e-con-full e-flex e-con e-child\" data-id=\"e18dc66\" data-element_type=\"container\" data-e-type=\"container\">\n\t\t<div class=\"elementor-element elementor-element-2d61037 e-con-full e-flex e-con e-child\" data-id=\"2d61037\" data-element_type=\"container\" data-e-type=\"container\">\n\t\t\t\t<div class=\"elementor-element elementor-element-9276b89 elementor-invisible elementor-widget elementor-widget-image\" data-id=\"9276b89\" data-element_type=\"widget\" data-e-type=\"widget\" data-settings=\"{&quot;_animation&quot;:&quot;rotateInUpLeft&quot;,&quot;_animation_delay&quot;:14}\" data-widget_type=\"image.default\">\n\t\t\t\t\t\t\t\t\t\t\t\t\t\t\t<img fetchpriority=\"high\" decoding=\"async\" width=\"800\" height=\"454\" src=\"https:\/\/ravello.abrigovirtual.com.br\/es\/wp-content\/uploads\/sites\/2\/2026\/04\/mundo-1.png\" class=\"attachment-large size-large wp-image-182\" alt=\"\" srcset=\"https:\/\/ravello.abrigovirtual.com.br\/es\/wp-content\/uploads\/sites\/2\/2026\/04\/mundo-1.png 800w, https:\/\/ravello.abrigovirtual.com.br\/es\/wp-content\/uploads\/sites\/2\/2026\/04\/mundo-1-300x170.png 300w, https:\/\/ravello.abrigovirtual.com.br\/es\/wp-content\/uploads\/sites\/2\/2026\/04\/mundo-1-768x436.png 768w\" sizes=\"(max-width: 800px) 100vw, 800px\" \/>\t\t\t\t\t\t\t\t\t\t\t\t\t\t\t<\/div>\n\t\t\t\t<\/div>\n\t\t\t\t<\/div>\n\t\t<div class=\"elementor-element elementor-element-22a4fa9 e-con-full e-flex elementor-invisible e-con e-child\" data-id=\"22a4fa9\" data-element_type=\"container\" data-e-type=\"container\" data-settings=\"{&quot;animation&quot;:&quot;fadeInDown&quot;}\">\n\t\t\t\t<div class=\"elementor-element elementor-element-27785b4 elementor-widget elementor-widget-heading\" data-id=\"27785b4\" data-element_type=\"widget\" data-e-type=\"widget\" data-widget_type=\"heading.default\">\n\t\t\t\t\t<h3 class=\"elementor-heading-title elementor-size-default\">Asesor\u00eda en Comercio Exterior Completa y Estrat\u00e9gica<\/h3>\t\t\t\t<\/div>\n\t\t\t\t<div class=\"elementor-element elementor-element-6069a3a elementor-widget elementor-widget-text-editor\" data-id=\"6069a3a\" data-element_type=\"widget\" data-e-type=\"widget\" data-widget_type=\"text-editor.default\">\n\t\t\t\t\t\t\t\t\t<p>Ofrecemos <strong>asesor\u00eda en comercio exterior<\/strong> con enfoque en eficiencia, seguridad y cumplimiento en todas las etapas de importaci\u00f3n y exportaci\u00f3n.<\/p><p>Creemos que una atenci\u00f3n de excelencia comienza con relaciones s\u00f3lidas y bien estructuradas. Por eso, nos encargamos de la conexi\u00f3n entre todos los involucrados en el proceso log\u00edstico, garantizando operaciones m\u00e1s \u00e1giles, seguras y alineadas con las exigencias internacionales.<\/p>\t\t\t\t\t\t\t\t<\/div>\n\t\t\t\t<\/div>\n\t\t\t\t\t<\/div>\n\t\t\t\t<\/div>\n\t\t<div class=\"elementor-element elementor-element-c7420e4 e-flex e-con-boxed e-con e-parent\" data-id=\"c7420e4\" data-element_type=\"container\" data-e-type=\"container\" data-settings=\"{&quot;background_background&quot;:&quot;classic&quot;}\">\n\t\t\t\t\t<div class=\"e-con-inner\">\n\t\t<div class=\"elementor-element elementor-element-855b48f e-con-full e-flex e-con e-child\" data-id=\"855b48f\" data-element_type=\"container\" data-e-type=\"container\">\n\t\t<div class=\"elementor-element elementor-element-0b2aa95 e-con-full e-flex e-con e-child\" data-id=\"0b2aa95\" data-element_type=\"container\" data-e-type=\"container\">\n\t\t\t\t<div class=\"elementor-element elementor-element-f86316d elementor-widget elementor-widget-heading\" data-id=\"f86316d\" data-element_type=\"widget\" data-e-type=\"widget\" data-widget_type=\"heading.default\">\n\t\t\t\t\t<h3 class=\"elementor-heading-title elementor-size-default\">Especialistas en Operaciones de Importaci\u00f3n y Exportaci\u00f3n<\/h3>\t\t\t\t<\/div>\n\t\t\t\t<div class=\"elementor-element elementor-element-9a51968 elementor-widget-divider--view-line elementor-widget elementor-widget-divider\" data-id=\"9a51968\" data-element_type=\"widget\" data-e-type=\"widget\" data-widget_type=\"divider.default\">\n\t\t\t\t\t\t\t<div class=\"elementor-divider\">\n\t\t\t<span class=\"elementor-divider-separator\">\n\t\t\t\t\t\t<\/span>\n\t\t<\/div>\n\t\t\t\t\t\t<\/div>\n\t\t\t\t<div class=\"elementor-element elementor-element-7bb0ffa elementor-widget elementor-widget-text-editor\" data-id=\"7bb0ffa\" data-element_type=\"widget\" data-e-type=\"widget\" data-widget_type=\"text-editor.default\">\n\t\t\t\t\t\t\t\t\t<p><strong>Ravello Operador Log\u00edstico Ltda<\/strong> combina experiencia y fiabilidad para ofrecer soporte completo en operaciones internacionales.<\/p><p>Su agente dedicado acompa\u00f1a todo el proceso puerta a puerta, garantizando una operaci\u00f3n log\u00edstica fluida y sin complicaciones, desde el origen hasta el destino final de la mercanc\u00eda.<\/p>\t\t\t\t\t\t\t\t<\/div>\n\t\t\t\t<\/div>\n\t\t\t\t<\/div>\n\t\t<div class=\"elementor-element elementor-element-40baeb3 e-con-full e-flex e-con e-child\" data-id=\"40baeb3\" data-element_type=\"container\" data-e-type=\"container\">\n\t\t\t\t<div class=\"elementor-element elementor-element-fb3ae89 elementor-widget elementor-widget-image\" data-id=\"fb3ae89\" data-element_type=\"widget\" data-e-type=\"widget\" data-widget_type=\"image.default\">\n\t\t\t\t\t\t\t\t\t\t\t\t\t\t\t<img decoding=\"async\" width=\"800\" height=\"534\" src=\"https:\/\/ravello.abrigovirtual.com.br\/es\/wp-content\/uploads\/sites\/2\/2026\/04\/business-people-working-data-project.jpg\" class=\"attachment-large size-large wp-image-183\" alt=\"\" srcset=\"https:\/\/ravello.abrigovirtual.com.br\/es\/wp-content\/uploads\/sites\/2\/2026\/04\/business-people-working-data-project.jpg 850w, https:\/\/ravello.abrigovirtual.com.br\/es\/wp-content\/uploads\/sites\/2\/2026\/04\/business-people-working-data-project-300x200.jpg 300w, https:\/\/ravello.abrigovirtual.com.br\/es\/wp-content\/uploads\/sites\/2\/2026\/04\/business-people-working-data-project-768x512.jpg 768w\" sizes=\"(max-width: 800px) 100vw, 800px\" \/>\t\t\t\t\t\t\t\t\t\t\t\t\t\t\t<\/div>\n\t\t\t\t<\/div>\n\t\t\t\t\t<\/div>\n\t\t\t\t<\/div>\n\t\t<div class=\"elementor-element elementor-element-87e7715 e-flex e-con-boxed e-con e-parent\" data-id=\"87e7715\" data-element_type=\"container\" data-e-type=\"container\" data-settings=\"{&quot;background_background&quot;:&quot;classic&quot;}\">\n\t\t\t\t\t<div class=\"e-con-inner\">\n\t\t\t\t<div class=\"elementor-element elementor-element-21af8c9 elementor-widget elementor-widget-heading\" data-id=\"21af8c9\" data-element_type=\"widget\" data-e-type=\"widget\" data-widget_type=\"heading.default\">\n\t\t\t\t\t<h3 class=\"elementor-heading-title elementor-size-default\">Operaciones Directas y Cross Trade<\/h3>\t\t\t\t<\/div>\n\t\t\t\t<div class=\"elementor-element elementor-element-e1c0646 elementor-widget elementor-widget-text-editor\" data-id=\"e1c0646\" data-element_type=\"widget\" data-e-type=\"widget\" data-widget_type=\"text-editor.default\">\n\t\t\t\t\t\t\t\t\t<p>Facilitamos operaciones de comercio internacional tanto en el modelo tradicional como en la modalidad Cross Trade.<\/p><p>En el Cross Trade, una empresa de un tercer pa\u00eds realiza la intermediaci\u00f3n de la venta, sin que la mercanc\u00eda pase f\u00edsicamente por su pa\u00eds de origen o por el destino final.<\/p><p>Ponemos a disposici\u00f3n toda la documentaci\u00f3n necesaria, permitiendo que nuestros clientes preserven la confidencialidad estrat\u00e9gica de sus operaciones.<\/p>\t\t\t\t\t\t\t\t<\/div>\n\t\t\t\t\t<\/div>\n\t\t\t\t<\/div>\n\t\t<div class=\"elementor-element elementor-element-c2b4864 e-flex e-con-boxed e-con e-parent\" data-id=\"c2b4864\" data-element_type=\"container\" data-e-type=\"container\">\n\t\t\t\t\t<div class=\"e-con-inner\">\n\t\t<div class=\"elementor-element elementor-element-89215de e-con-full e-flex e-con e-child\" data-id=\"89215de\" data-element_type=\"container\" data-e-type=\"container\">\n\t\t<div class=\"elementor-element elementor-element-6fb39f3 e-con-full e-flex e-con e-child\" data-id=\"6fb39f3\" data-element_type=\"container\" data-e-type=\"container\">\n\t\t\t\t<div class=\"elementor-element elementor-element-bbb64a1 elementor-widget elementor-widget-heading\" data-id=\"bbb64a1\" data-element_type=\"widget\" data-e-type=\"widget\" data-widget_type=\"heading.default\">\n\t\t\t\t\t<h3 class=\"elementor-heading-title elementor-size-default\">Nuestra red global de socios nos permite ofrecer una asesor\u00eda completa en comercio exterior, que incluye:<\/h3>\t\t\t\t<\/div>\n\t\t\t\t<div class=\"elementor-element elementor-element-36e61fd elementor-widget-divider--view-line elementor-widget elementor-widget-divider\" data-id=\"36e61fd\" data-element_type=\"widget\" data-e-type=\"widget\" data-widget_type=\"divider.default\">\n\t\t\t\t\t\t\t<div class=\"elementor-divider\">\n\t\t\t<span class=\"elementor-divider-separator\">\n\t\t\t\t\t\t<\/span>\n\t\t<\/div>\n\t\t\t\t\t\t<\/div>\n\t\t\t\t<div class=\"elementor-element elementor-element-d0fdbc1 elementor-widget elementor-widget-text-editor\" data-id=\"d0fdbc1\" data-element_type=\"widget\" data-e-type=\"widget\" data-widget_type=\"text-editor.default\">\n\t\t\t\t\t\t\t\t\t<ul><li>Orientaci\u00f3n tributaria y fiscal<\/li><li>Procesos aduaneros y despacho de aduanas<\/li><li>Licencias y regulaciones<\/li><li>Planificaci\u00f3n del transporte internacional<\/li><li>Seguros de carga<\/li><\/ul><p><br \/>Atendemos operaciones de importaci\u00f3n y exportaci\u00f3n hacia cualquier pa\u00eds, siempre con enfoque en la reducci\u00f3n de riesgos y la optimizaci\u00f3n de costos.<\/p>\t\t\t\t\t\t\t\t<\/div>\n\t\t\t\t<\/div>\n\t\t\t\t<\/div>\n\t\t<div class=\"elementor-element elementor-element-a06319f e-con-full e-flex e-con e-child\" data-id=\"a06319f\" data-element_type=\"container\" data-e-type=\"container\">\n\t\t\t\t<div class=\"elementor-element elementor-element-217ba96 elementor-widget elementor-widget-image\" data-id=\"217ba96\" data-element_type=\"widget\" data-e-type=\"widget\" data-widget_type=\"image.default\">\n\t\t\t\t\t\t\t\t\t\t\t\t\t\t\t<img decoding=\"async\" width=\"800\" height=\"607\" src=\"https:\/\/ravello.abrigovirtual.com.br\/es\/wp-content\/uploads\/sites\/2\/2026\/04\/oficina3-800x607-1.png\" class=\"attachment-large size-large wp-image-184\" alt=\"\" srcset=\"https:\/\/ravello.abrigovirtual.com.br\/es\/wp-content\/uploads\/sites\/2\/2026\/04\/oficina3-800x607-1.png 800w, https:\/\/ravello.abrigovirtual.com.br\/es\/wp-content\/uploads\/sites\/2\/2026\/04\/oficina3-800x607-1-300x228.png 300w, https:\/\/ravello.abrigovirtual.com.br\/es\/wp-content\/uploads\/sites\/2\/2026\/04\/oficina3-800x607-1-768x583.png 768w\" sizes=\"(max-width: 800px) 100vw, 800px\" \/>\t\t\t\t\t\t\t\t\t\t\t\t\t\t\t<\/div>\n\t\t\t\t<\/div>\n\t\t\t\t\t<\/div>\n\t\t\t\t<\/div>\n\t\t<div class=\"elementor-element elementor-element-2d9a28a e-flex e-con-boxed e-con e-parent\" data-id=\"2d9a28a\" data-element_type=\"container\" data-e-type=\"container\" data-settings=\"{&quot;background_background&quot;:&quot;classic&quot;}\">\n\t\t\t\t\t<div class=\"e-con-inner\">\n\t\t<div class=\"elementor-element elementor-element-82aa215 e-con-full e-flex e-con e-child\" data-id=\"82aa215\" data-element_type=\"container\" data-e-type=\"container\">\n\t\t\t\t<div class=\"elementor-element elementor-element-7dfdcdb elementor-widget elementor-widget-heading\" data-id=\"7dfdcdb\" data-element_type=\"widget\" data-e-type=\"widget\" data-widget_type=\"heading.default\">\n\t\t\t\t\t<h1 class=\"elementor-heading-title elementor-size-default\">P\u00f3ngase en contacto con nosotros\n<\/h1>\t\t\t\t<\/div>\n\t\t\t\t<div class=\"elementor-element elementor-element-fa4a9e0 elementor-widget elementor-widget-text-editor\" data-id=\"fa4a9e0\" data-element_type=\"widget\" data-e-type=\"widget\" data-widget_type=\"text-editor.default\">\n\t\t\t\t\t\t\t\t\tD\u00e9jenos sus datos y nos pondremos en contacto con usted.\t\t\t\t\t\t\t\t<\/div>\n\t\t\t\t<div class=\"elementor-element elementor-element-189074a elementor-mobile-align-center elementor-align-left elementor-widget elementor-widget-button\" data-id=\"189074a\" data-element_type=\"widget\" data-e-type=\"widget\" data-widget_type=\"button.default\">\n\t\t\t\t\t\t\t\t\t\t<a class=\"elementor-button elementor-button-link elementor-size-sm\" href=\"https:\/\/ravello.abrigovirtual.com.br\/es\/contacto\/\">\n\t\t\t\t\t\t<span class=\"elementor-button-content-wrapper\">\n\t\t\t\t\t\t\t\t\t<span class=\"elementor-button-text\">Cont\u00e1ctenos<\/span>\n\t\t\t\t\t<\/span>\n\t\t\t\t\t<\/a>\n\t\t\t\t\t\t\t\t<\/div>\n\t\t\t\t<\/div>\n\t\t<div class=\"elementor-element elementor-element-4ef0385 e-con-full e-flex e-con e-child\" data-id=\"4ef0385\" data-element_type=\"container\" data-e-type=\"container\" data-settings=\"{&quot;background_background&quot;:&quot;classic&quot;}\">\n\t\t\t\t<div class=\"elementor-element elementor-element-a83cb2e elementor-widget elementor-widget-shortcode\" data-id=\"a83cb2e\" data-element_type=\"widget\" data-e-type=\"widget\" data-widget_type=\"shortcode.default\">\n\t\t\t\t\t\t\t<div class=\"elementor-shortcode\">\n<div class=\"wpcf7 no-js\" id=\"wpcf7-f241-o1\" lang=\"pt-BR\" dir=\"ltr\" data-wpcf7-id=\"241\">\n<div class=\"screen-reader-response\"><p role=\"status\" aria-live=\"polite\" aria-atomic=\"true\"><\/p> <ul><\/ul><\/div>\n<form action=\"\/es\/wp-json\/wp\/v2\/pages\/48#wpcf7-f241-o1\" method=\"post\" class=\"wpcf7-form init\" aria-label=\"Formul\u00e1rios de contato\" novalidate=\"novalidate\" data-status=\"init\">\n<fieldset class=\"hidden-fields-container\"><input type=\"hidden\" name=\"_wpcf7\" value=\"241\" \/><input type=\"hidden\" name=\"_wpcf7_version\" value=\"6.1.5\" \/><input type=\"hidden\" name=\"_wpcf7_locale\" value=\"pt_BR\" \/><input type=\"hidden\" name=\"_wpcf7_unit_tag\" value=\"wpcf7-f241-o1\" \/><input type=\"hidden\" name=\"_wpcf7_container_post\" value=\"0\" \/><input type=\"hidden\" name=\"_wpcf7_posted_data_hash\" value=\"\" \/>\n<\/fieldset>\n<p><label><span class=\"wpcf7-form-control-wrap\" data-name=\"your-name\"><input size=\"40\" maxlength=\"400\" class=\"wpcf7-form-control wpcf7-text wpcf7-validates-as-required\" aria-required=\"true\" aria-invalid=\"false\" placeholder=\"Tu Nombre\" value=\"\" type=\"text\" name=\"your-name\" \/><\/span><\/label>\n<\/p>\n<p><label><span class=\"wpcf7-form-control-wrap\" data-name=\"your-email\"><input size=\"40\" maxlength=\"400\" class=\"wpcf7-form-control wpcf7-email wpcf7-validates-as-required wpcf7-text wpcf7-validates-as-email\" aria-required=\"true\" aria-invalid=\"false\" placeholder=\"Tu correo electr\u00f3nico\" value=\"\" type=\"email\" name=\"your-email\" \/><\/span> <\/label>\n<\/p>\n<p><label><span class=\"wpcf7-form-control-wrap\" data-name=\"your-subject\"><input size=\"40\" maxlength=\"400\" class=\"wpcf7-form-control wpcf7-text wpcf7-validates-as-required\" aria-required=\"true\" aria-invalid=\"false\" placeholder=\"Assunto\" value=\"\" type=\"text\" name=\"your-subject\" \/><\/span> <\/label>\n<\/p>\n<p><label><span class=\"wpcf7-form-control-wrap\" data-name=\"your-message\"><textarea cols=\"40\" rows=\"10\" maxlength=\"2000\" class=\"wpcf7-form-control wpcf7-textarea\" aria-invalid=\"false\" placeholder=\"Tu mensaje (opcional)\" name=\"your-message\"><\/textarea><\/span> <\/label>\n<\/p>\n<p><input class=\"wpcf7-form-control wpcf7-submit has-spinner\" type=\"submit\" value=\"Enviar\" \/>\n<\/p><div class=\"wpcf7-response-output\" aria-hidden=\"true\"><\/div>\n<\/form>\n<\/div>\n<\/div>\n\t\t\t\t\t\t<\/div>\n\t\t\t\t<\/div>\n\t\t\t\t\t<\/div>\n\t\t\t\t<\/div>\n\t\t\t\t<\/div>\n\t\t","protected":false},"excerpt":{"rendered":"<p>Servicios y sectores Asesoramiento\u00a0de\u00a0comercio\u00a0exterior Asesor\u00eda en Comercio Exterior Completa y Estrat\u00e9gica Ofrecemos asesor\u00eda en comercio exterior con enfoque en eficiencia, seguridad y cumplimiento en todas las etapas de importaci\u00f3n y exportaci\u00f3n. Creemos que una atenci\u00f3n de excelencia comienza con relaciones s\u00f3lidas y bien estructuradas. Por eso, nos encargamos de la conexi\u00f3n entre todos los involucrados [&hellip;]<\/p>\n","protected":false},"author":1,"featured_media":0,"parent":0,"menu_order":0,"comment_status":"closed","ping_status":"closed","template":"","meta":{"footnotes":""},"class_list":["post-48","page","type-page","status-publish","hentry"],"_links":{"self":[{"href":"https:\/\/ravello.abrigovirtual.com.br\/es\/wp-json\/wp\/v2\/pages\/48","targetHints":{"allow":["GET"]}}],"collection":[{"href":"https:\/\/ravello.abrigovirtual.com.br\/es\/wp-json\/wp\/v2\/pages"}],"about":[{"href":"https:\/\/ravello.abrigovirtual.com.br\/es\/wp-json\/wp\/v2\/types\/page"}],"author":[{"embeddable":true,"href":"https:\/\/ravello.abrigovirtual.com.br\/es\/wp-json\/wp\/v2\/users\/1"}],"replies":[{"embeddable":true,"href":"https:\/\/ravello.abrigovirtual.com.br\/es\/wp-json\/wp\/v2\/comments?post=48"}],"version-history":[{"count":7,"href":"https:\/\/ravello.abrigovirtual.com.br\/es\/wp-json\/wp\/v2\/pages\/48\/revisions"}],"predecessor-version":[{"id":264,"href":"https:\/\/ravello.abrigovirtual.com.br\/es\/wp-json\/wp\/v2\/pages\/48\/revisions\/264"}],"wp:attachment":[{"href":"https:\/\/ravello.abrigovirtual.com.br\/es\/wp-json\/wp\/v2\/media?parent=48"}],"curies":[{"name":"wp","href":"https:\/\/api.w.org\/{rel}","templated":true}]}}