{"id":50,"date":"2026-04-07T05:47:16","date_gmt":"2026-04-07T08:47:16","guid":{"rendered":"https:\/\/ravello.abrigovirtual.com.br\/es\/?page_id=50"},"modified":"2026-04-10T13:04:31","modified_gmt":"2026-04-10T16:04:31","slug":"almacenaje-y-distribucion","status":"publish","type":"page","link":"https:\/\/ravello.abrigovirtual.com.br\/es\/almacenaje-y-distribucion\/","title":{"rendered":"Almacenaje\u00a0y\u00a0distribuci\u00f3n"},"content":{"rendered":"\t\t<div data-elementor-type=\"wp-page\" data-elementor-id=\"50\" class=\"elementor elementor-50\" data-elementor-post-type=\"page\">\n\t\t\t\t<div class=\"elementor-element elementor-element-0e86827 e-flex e-con-boxed e-con e-parent\" data-id=\"0e86827\" data-element_type=\"container\" data-e-type=\"container\" data-settings=\"{&quot;background_background&quot;:&quot;classic&quot;,&quot;shape_divider_bottom&quot;:&quot;opacity-tilt&quot;}\">\n\t\t\t\t\t<div class=\"e-con-inner\">\n\t\t\t\t<div class=\"elementor-shape elementor-shape-bottom\" aria-hidden=\"true\" data-negative=\"false\">\n\t\t\t<svg xmlns=\"http:\/\/www.w3.org\/2000\/svg\" viewBox=\"0 0 2600 131.1\" preserveAspectRatio=\"none\">\n\t<path class=\"elementor-shape-fill\" d=\"M0 0L2600 0 2600 69.1 0 0z\"\/>\n\t<path class=\"elementor-shape-fill\" style=\"opacity:0.5\" d=\"M0 0L2600 0 2600 69.1 0 69.1z\"\/>\n\t<path class=\"elementor-shape-fill\" style=\"opacity:0.25\" d=\"M2600 0L0 0 0 130.1 2600 69.1z\"\/>\n<\/svg>\t\t<\/div>\n\t\t\t\t<div class=\"elementor-element elementor-element-b7696ae elementor-widget elementor-widget-heading\" data-id=\"b7696ae\" data-element_type=\"widget\" data-e-type=\"widget\" data-widget_type=\"heading.default\">\n\t\t\t\t\t<h6 class=\"elementor-heading-title elementor-size-default\">Servicios y sectores<\/h6>\t\t\t\t<\/div>\n\t\t\t\t<div class=\"elementor-element elementor-element-948f042 elementor-widget elementor-widget-heading\" data-id=\"948f042\" data-element_type=\"widget\" data-e-type=\"widget\" data-widget_type=\"heading.default\">\n\t\t\t\t\t<h1 class=\"elementor-heading-title elementor-size-default\">Almacenaje y Distribuci\u00f3n<\/h1>\t\t\t\t<\/div>\n\t\t\t\t\t<\/div>\n\t\t\t\t<\/div>\n\t\t<div class=\"elementor-element elementor-element-d7da82d e-flex e-con-boxed e-con e-parent\" data-id=\"d7da82d\" data-element_type=\"container\" data-e-type=\"container\">\n\t\t\t\t\t<div class=\"e-con-inner\">\n\t\t<div class=\"elementor-element elementor-element-a94101b e-con-full e-flex e-con e-child\" data-id=\"a94101b\" data-element_type=\"container\" data-e-type=\"container\">\n\t\t<div class=\"elementor-element elementor-element-d1c7100 e-con-full e-flex e-con e-child\" data-id=\"d1c7100\" data-element_type=\"container\" data-e-type=\"container\">\n\t\t\t\t<div class=\"elementor-element elementor-element-8faff93 elementor-widget elementor-widget-image\" data-id=\"8faff93\" data-element_type=\"widget\" data-e-type=\"widget\" data-widget_type=\"image.default\">\n\t\t\t\t\t\t\t\t\t\t\t\t\t\t\t<img fetchpriority=\"high\" decoding=\"async\" width=\"800\" height=\"657\" src=\"https:\/\/ravello.abrigovirtual.com.br\/es\/wp-content\/uploads\/sites\/2\/2026\/04\/almacenaje.jpg\" class=\"attachment-large size-large wp-image-167\" alt=\"\" srcset=\"https:\/\/ravello.abrigovirtual.com.br\/es\/wp-content\/uploads\/sites\/2\/2026\/04\/almacenaje.jpg 948w, https:\/\/ravello.abrigovirtual.com.br\/es\/wp-content\/uploads\/sites\/2\/2026\/04\/almacenaje-300x246.jpg 300w, https:\/\/ravello.abrigovirtual.com.br\/es\/wp-content\/uploads\/sites\/2\/2026\/04\/almacenaje-768x630.jpg 768w\" sizes=\"(max-width: 800px) 100vw, 800px\" \/>\t\t\t\t\t\t\t\t\t\t\t\t\t\t\t<\/div>\n\t\t\t\t<\/div>\n\t\t\t\t<\/div>\n\t\t<div class=\"elementor-element elementor-element-ccd6c9d e-con-full e-flex e-con e-child\" data-id=\"ccd6c9d\" data-element_type=\"container\" data-e-type=\"container\">\n\t\t\t\t<div class=\"elementor-element elementor-element-75a75bb elementor-widget elementor-widget-heading\" data-id=\"75a75bb\" data-element_type=\"widget\" data-e-type=\"widget\" data-widget_type=\"heading.default\">\n\t\t\t\t\t<h3 class=\"elementor-heading-title elementor-size-default\">Almacenaje y Distribuci\u00f3n Log\u00edstica Eficiente<\/h3>\t\t\t\t<\/div>\n\t\t\t\t<div class=\"elementor-element elementor-element-4b1c2b4 elementor-widget elementor-widget-text-editor\" data-id=\"4b1c2b4\" data-element_type=\"widget\" data-e-type=\"widget\" data-widget_type=\"text-editor.default\">\n\t\t\t\t\t\t\t\t\t<p>Ofrecemos soluciones completas de<strong> almacenaje y distribuci\u00f3n log\u00edstica<\/strong>, con una alta capacidad de gesti\u00f3n para garantizar el flujo ideal de sus mercanc\u00edas, independientemente del volumen, desde peque\u00f1as cargas hasta grandes operaciones.<\/p><p>Nuestro objetivo es optimizar toda la cadena log\u00edstica, garantizando eficiencia, seguridad y reducci\u00f3n de costos.<\/p>\t\t\t\t\t\t\t\t<\/div>\n\t\t\t\t<\/div>\n\t\t\t\t\t<\/div>\n\t\t\t\t<\/div>\n\t\t<div class=\"elementor-element elementor-element-1a148ea e-flex e-con-boxed e-con e-parent\" data-id=\"1a148ea\" data-element_type=\"container\" data-e-type=\"container\" data-settings=\"{&quot;background_background&quot;:&quot;classic&quot;}\">\n\t\t\t\t\t<div class=\"e-con-inner\">\n\t\t<div class=\"elementor-element elementor-element-b8970ab e-con-full e-flex e-con e-child\" data-id=\"b8970ab\" data-element_type=\"container\" data-e-type=\"container\">\n\t\t<div class=\"elementor-element elementor-element-50b5a3a e-con-full e-flex e-con e-child\" data-id=\"50b5a3a\" data-element_type=\"container\" data-e-type=\"container\">\n\t\t\t\t<div class=\"elementor-element elementor-element-73a350d elementor-widget elementor-widget-heading\" data-id=\"73a350d\" data-element_type=\"widget\" data-e-type=\"widget\" data-widget_type=\"heading.default\">\n\t\t\t\t\t<h3 class=\"elementor-heading-title elementor-size-default\">Flexibilidad Operativa para Diferentes Demandas<\/h3>\t\t\t\t<\/div>\n\t\t\t\t<div class=\"elementor-element elementor-element-66ee058 elementor-widget-divider--view-line elementor-widget elementor-widget-divider\" data-id=\"66ee058\" data-element_type=\"widget\" data-e-type=\"widget\" data-widget_type=\"divider.default\">\n\t\t\t\t\t\t\t<div class=\"elementor-divider\">\n\t\t\t<span class=\"elementor-divider-separator\">\n\t\t\t\t\t\t<\/span>\n\t\t<\/div>\n\t\t\t\t\t\t<\/div>\n\t\t\t\t<div class=\"elementor-element elementor-element-20fb1c9 elementor-widget elementor-widget-text-editor\" data-id=\"20fb1c9\" data-element_type=\"widget\" data-e-type=\"widget\" data-widget_type=\"text-editor.default\">\n\t\t\t\t\t\t\t\t\t<h5>Contamos con una amplia red de socios log\u00edsticos y almacenes estrat\u00e9gicamente ubicados, lo que nos permite ofrecer total flexibilidad para atender diferentes necesidades operativas.<\/h5><p>Realizamos diversos tipos de operaciones log\u00edsticas, entre ellas:<\/p><ul><li>Manipulaci\u00f3n de cargas<\/li><li>Pick and Pack (preparaci\u00f3n y embalaje)<\/li><li>Cross Docking (distribuci\u00f3n \u00e1gil sin almacenamiento prolongado)<\/li><li>Operaciones aduaneras<\/li><\/ul><p><br \/>Esta estructura permite un mayor control sobre el flujo de mercanc\u00edas y contribuye directamente a la optimizaci\u00f3n del flujo de caja de su empresa.<\/p>\t\t\t\t\t\t\t\t<\/div>\n\t\t\t\t<\/div>\n\t\t\t\t<\/div>\n\t\t<div class=\"elementor-element elementor-element-37703b0 e-con-full e-flex e-con e-child\" data-id=\"37703b0\" data-element_type=\"container\" data-e-type=\"container\">\n\t\t\t\t<div class=\"elementor-element elementor-element-ee094b5 elementor-widget elementor-widget-image\" data-id=\"ee094b5\" data-element_type=\"widget\" data-e-type=\"widget\" data-widget_type=\"image.default\">\n\t\t\t\t\t\t\t\t\t\t\t\t\t\t\t<img decoding=\"async\" width=\"800\" height=\"523\" src=\"https:\/\/ravello.abrigovirtual.com.br\/es\/wp-content\/uploads\/sites\/2\/2026\/04\/11-1024x670-1.jpg\" class=\"attachment-large size-large wp-image-168\" alt=\"\" srcset=\"https:\/\/ravello.abrigovirtual.com.br\/es\/wp-content\/uploads\/sites\/2\/2026\/04\/11-1024x670-1.jpg 1024w, https:\/\/ravello.abrigovirtual.com.br\/es\/wp-content\/uploads\/sites\/2\/2026\/04\/11-1024x670-1-300x196.jpg 300w, https:\/\/ravello.abrigovirtual.com.br\/es\/wp-content\/uploads\/sites\/2\/2026\/04\/11-1024x670-1-768x503.jpg 768w\" sizes=\"(max-width: 800px) 100vw, 800px\" \/>\t\t\t\t\t\t\t\t\t\t\t\t\t\t\t<\/div>\n\t\t\t\t<\/div>\n\t\t\t\t\t<\/div>\n\t\t\t\t<\/div>\n\t\t<div class=\"elementor-element elementor-element-585e882 e-flex e-con-boxed e-con e-parent\" data-id=\"585e882\" data-element_type=\"container\" data-e-type=\"container\" data-settings=\"{&quot;background_background&quot;:&quot;classic&quot;}\">\n\t\t\t\t\t<div class=\"e-con-inner\">\n\t\t\t\t<div class=\"elementor-element elementor-element-8f8af6a elementor-widget elementor-widget-heading\" data-id=\"8f8af6a\" data-element_type=\"widget\" data-e-type=\"widget\" data-widget_type=\"heading.default\">\n\t\t\t\t\t<h3 class=\"elementor-heading-title elementor-size-default\">Log\u00edstica Sostenible y Reducci\u00f3n de CO\u2082\n<\/h3>\t\t\t\t<\/div>\n\t\t\t\t<div class=\"elementor-element elementor-element-39ebd80 elementor-widget elementor-widget-text-editor\" data-id=\"39ebd80\" data-element_type=\"widget\" data-e-type=\"widget\" data-widget_type=\"text-editor.default\">\n\t\t\t\t\t\t\t\t\t<p>Comprometidos con la sostenibilidad, trabajamos junto con nuestros clientes para reducir la huella de carbono en las operaciones log\u00edsticas.<\/p><p>Creemos que el primer paso para una gesti\u00f3n eficiente es la medici\u00f3n de las emisiones. Por eso, facilitamos el monitoreo de la huella de carbono en cada operaci\u00f3n, contribuyendo a decisiones m\u00e1s sostenibles y responsables.<\/p>\t\t\t\t\t\t\t\t<\/div>\n\t\t\t\t\t<\/div>\n\t\t\t\t<\/div>\n\t\t<div class=\"elementor-element elementor-element-0de4744 e-flex e-con-boxed e-con e-parent\" data-id=\"0de4744\" data-element_type=\"container\" data-e-type=\"container\">\n\t\t\t\t\t<div class=\"e-con-inner\">\n\t\t<div class=\"elementor-element elementor-element-c092585 e-con-full e-flex e-con e-child\" data-id=\"c092585\" data-element_type=\"container\" data-e-type=\"container\">\n\t\t<div class=\"elementor-element elementor-element-969bce3 e-con-full e-flex e-con e-child\" data-id=\"969bce3\" data-element_type=\"container\" data-e-type=\"container\">\n\t\t\t\t<div class=\"elementor-element elementor-element-565b22f elementor-widget elementor-widget-heading\" data-id=\"565b22f\" data-element_type=\"widget\" data-e-type=\"widget\" data-widget_type=\"heading.default\">\n\t\t\t\t\t<h3 class=\"elementor-heading-title elementor-size-default\">Distribuci\u00f3n Nacional e Internacional<\/h3>\t\t\t\t<\/div>\n\t\t\t\t<div class=\"elementor-element elementor-element-977d8fa elementor-widget-divider--view-line elementor-widget elementor-widget-divider\" data-id=\"977d8fa\" data-element_type=\"widget\" data-e-type=\"widget\" data-widget_type=\"divider.default\">\n\t\t\t\t\t\t\t<div class=\"elementor-divider\">\n\t\t\t<span class=\"elementor-divider-separator\">\n\t\t\t\t\t\t<\/span>\n\t\t<\/div>\n\t\t\t\t\t\t<\/div>\n\t\t\t\t<div class=\"elementor-element elementor-element-0ca70c8 elementor-widget elementor-widget-text-editor\" data-id=\"0ca70c8\" data-element_type=\"widget\" data-e-type=\"widget\" data-widget_type=\"text-editor.default\">\n\t\t\t\t\t\t\t\t\t<h5>Gestionamos la distribuci\u00f3n de mercanc\u00edas desde nuestros almacenes hacia cualquier destino, con soluciones completas de transporte.<\/h5><p>Nuestro departamento de log\u00edstica ofrece:<\/p><ul><li>Transporte por carretera especializado<\/li><li>Entregas FCL (Full Container Load)<\/li><li>Entregas LCL (Less than Container Load)<\/li><\/ul><p><br \/>Garantizamos entregas eficientes, seguras y alineadas con los plazos de su negocio.<\/p>\t\t\t\t\t\t\t\t<\/div>\n\t\t\t\t<\/div>\n\t\t\t\t<\/div>\n\t\t<div class=\"elementor-element elementor-element-7c94f01 e-con-full e-flex e-con e-child\" data-id=\"7c94f01\" data-element_type=\"container\" data-e-type=\"container\">\n\t\t\t\t<div class=\"elementor-element elementor-element-54c6f11 elementor-widget elementor-widget-image\" data-id=\"54c6f11\" data-element_type=\"widget\" data-e-type=\"widget\" data-widget_type=\"image.default\">\n\t\t\t\t\t\t\t\t\t\t\t\t\t\t\t<img decoding=\"async\" width=\"800\" height=\"450\" src=\"https:\/\/ravello.abrigovirtual.com.br\/es\/wp-content\/uploads\/sites\/2\/2026\/04\/export-supervisor-drafting-billing-product-logistics.jpg\" class=\"attachment-large size-large wp-image-169\" alt=\"\" srcset=\"https:\/\/ravello.abrigovirtual.com.br\/es\/wp-content\/uploads\/sites\/2\/2026\/04\/export-supervisor-drafting-billing-product-logistics.jpg 800w, https:\/\/ravello.abrigovirtual.com.br\/es\/wp-content\/uploads\/sites\/2\/2026\/04\/export-supervisor-drafting-billing-product-logistics-300x169.jpg 300w, https:\/\/ravello.abrigovirtual.com.br\/es\/wp-content\/uploads\/sites\/2\/2026\/04\/export-supervisor-drafting-billing-product-logistics-768x432.jpg 768w\" sizes=\"(max-width: 800px) 100vw, 800px\" \/>\t\t\t\t\t\t\t\t\t\t\t\t\t\t\t<\/div>\n\t\t\t\t<\/div>\n\t\t\t\t\t<\/div>\n\t\t\t\t<\/div>\n\t\t<div class=\"elementor-element elementor-element-3249c39 e-flex e-con-boxed e-con e-parent\" data-id=\"3249c39\" data-element_type=\"container\" data-e-type=\"container\" data-settings=\"{&quot;background_background&quot;:&quot;classic&quot;}\">\n\t\t\t\t\t<div class=\"e-con-inner\">\n\t\t<div class=\"elementor-element elementor-element-444ee34 e-con-full e-flex e-con e-child\" data-id=\"444ee34\" data-element_type=\"container\" data-e-type=\"container\">\n\t\t\t\t<div class=\"elementor-element elementor-element-bc6b435 elementor-widget elementor-widget-heading\" data-id=\"bc6b435\" data-element_type=\"widget\" data-e-type=\"widget\" data-widget_type=\"heading.default\">\n\t\t\t\t\t<h1 class=\"elementor-heading-title elementor-size-default\">P\u00f3ngase en contacto con nosotros\n<\/h1>\t\t\t\t<\/div>\n\t\t\t\t<div class=\"elementor-element elementor-element-26a63da elementor-widget elementor-widget-text-editor\" data-id=\"26a63da\" data-element_type=\"widget\" data-e-type=\"widget\" data-widget_type=\"text-editor.default\">\n\t\t\t\t\t\t\t\t\tD\u00e9jenos sus datos y nos pondremos en contacto con usted.\t\t\t\t\t\t\t\t<\/div>\n\t\t\t\t<div class=\"elementor-element elementor-element-ab57328 elementor-mobile-align-center elementor-align-left elementor-widget elementor-widget-button\" data-id=\"ab57328\" data-element_type=\"widget\" data-e-type=\"widget\" data-widget_type=\"button.default\">\n\t\t\t\t\t\t\t\t\t\t<a class=\"elementor-button elementor-button-link elementor-size-sm\" href=\"https:\/\/ravello.abrigovirtual.com.br\/es\/contacto\/\">\n\t\t\t\t\t\t<span class=\"elementor-button-content-wrapper\">\n\t\t\t\t\t\t\t\t\t<span class=\"elementor-button-text\">Cont\u00e1ctenos<\/span>\n\t\t\t\t\t<\/span>\n\t\t\t\t\t<\/a>\n\t\t\t\t\t\t\t\t<\/div>\n\t\t\t\t<\/div>\n\t\t<div class=\"elementor-element elementor-element-fe7b2af e-con-full e-flex e-con e-child\" data-id=\"fe7b2af\" data-element_type=\"container\" data-e-type=\"container\" data-settings=\"{&quot;background_background&quot;:&quot;classic&quot;}\">\n\t\t\t\t<div class=\"elementor-element elementor-element-1ef8e86 elementor-widget elementor-widget-shortcode\" data-id=\"1ef8e86\" data-element_type=\"widget\" data-e-type=\"widget\" data-widget_type=\"shortcode.default\">\n\t\t\t\t\t\t\t<div class=\"elementor-shortcode\">\n<div class=\"wpcf7 no-js\" id=\"wpcf7-f241-o1\" lang=\"pt-BR\" dir=\"ltr\" data-wpcf7-id=\"241\">\n<div class=\"screen-reader-response\"><p role=\"status\" aria-live=\"polite\" aria-atomic=\"true\"><\/p> <ul><\/ul><\/div>\n<form action=\"\/es\/wp-json\/wp\/v2\/pages\/50#wpcf7-f241-o1\" method=\"post\" class=\"wpcf7-form init\" aria-label=\"Formul\u00e1rios de contato\" novalidate=\"novalidate\" data-status=\"init\">\n<fieldset class=\"hidden-fields-container\"><input type=\"hidden\" name=\"_wpcf7\" value=\"241\" \/><input type=\"hidden\" name=\"_wpcf7_version\" value=\"6.1.5\" \/><input type=\"hidden\" name=\"_wpcf7_locale\" value=\"pt_BR\" \/><input type=\"hidden\" name=\"_wpcf7_unit_tag\" value=\"wpcf7-f241-o1\" \/><input type=\"hidden\" name=\"_wpcf7_container_post\" value=\"0\" \/><input type=\"hidden\" name=\"_wpcf7_posted_data_hash\" value=\"\" \/>\n<\/fieldset>\n<p><label><span class=\"wpcf7-form-control-wrap\" data-name=\"your-name\"><input size=\"40\" maxlength=\"400\" class=\"wpcf7-form-control wpcf7-text wpcf7-validates-as-required\" aria-required=\"true\" aria-invalid=\"false\" placeholder=\"Tu Nombre\" value=\"\" type=\"text\" name=\"your-name\" \/><\/span><\/label>\n<\/p>\n<p><label><span class=\"wpcf7-form-control-wrap\" data-name=\"your-email\"><input size=\"40\" maxlength=\"400\" class=\"wpcf7-form-control wpcf7-email wpcf7-validates-as-required wpcf7-text wpcf7-validates-as-email\" aria-required=\"true\" aria-invalid=\"false\" placeholder=\"Tu correo electr\u00f3nico\" value=\"\" type=\"email\" name=\"your-email\" \/><\/span> <\/label>\n<\/p>\n<p><label><span class=\"wpcf7-form-control-wrap\" data-name=\"your-subject\"><input size=\"40\" maxlength=\"400\" class=\"wpcf7-form-control wpcf7-text wpcf7-validates-as-required\" aria-required=\"true\" aria-invalid=\"false\" placeholder=\"Assunto\" value=\"\" type=\"text\" name=\"your-subject\" \/><\/span> <\/label>\n<\/p>\n<p><label><span class=\"wpcf7-form-control-wrap\" data-name=\"your-message\"><textarea cols=\"40\" rows=\"10\" maxlength=\"2000\" class=\"wpcf7-form-control wpcf7-textarea\" aria-invalid=\"false\" placeholder=\"Tu mensaje (opcional)\" name=\"your-message\"><\/textarea><\/span> <\/label>\n<\/p>\n<p><input class=\"wpcf7-form-control wpcf7-submit has-spinner\" type=\"submit\" value=\"Enviar\" \/>\n<\/p><div class=\"wpcf7-response-output\" aria-hidden=\"true\"><\/div>\n<\/form>\n<\/div>\n<\/div>\n\t\t\t\t\t\t<\/div>\n\t\t\t\t<\/div>\n\t\t\t\t\t<\/div>\n\t\t\t\t<\/div>\n\t\t\t\t<\/div>\n\t\t","protected":false},"excerpt":{"rendered":"<p>Servicios y sectores Almacenaje y Distribuci\u00f3n Almacenaje y Distribuci\u00f3n Log\u00edstica Eficiente Ofrecemos soluciones completas de almacenaje y distribuci\u00f3n log\u00edstica, con una alta capacidad de gesti\u00f3n para garantizar el flujo ideal de sus mercanc\u00edas, independientemente del volumen, desde peque\u00f1as cargas hasta grandes operaciones. Nuestro objetivo es optimizar toda la cadena log\u00edstica, garantizando eficiencia, seguridad y reducci\u00f3n [&hellip;]<\/p>\n","protected":false},"author":1,"featured_media":0,"parent":0,"menu_order":0,"comment_status":"closed","ping_status":"closed","template":"","meta":{"footnotes":""},"class_list":["post-50","page","type-page","status-publish","hentry"],"_links":{"self":[{"href":"https:\/\/ravello.abrigovirtual.com.br\/es\/wp-json\/wp\/v2\/pages\/50","targetHints":{"allow":["GET"]}}],"collection":[{"href":"https:\/\/ravello.abrigovirtual.com.br\/es\/wp-json\/wp\/v2\/pages"}],"about":[{"href":"https:\/\/ravello.abrigovirtual.com.br\/es\/wp-json\/wp\/v2\/types\/page"}],"author":[{"embeddable":true,"href":"https:\/\/ravello.abrigovirtual.com.br\/es\/wp-json\/wp\/v2\/users\/1"}],"replies":[{"embeddable":true,"href":"https:\/\/ravello.abrigovirtual.com.br\/es\/wp-json\/wp\/v2\/comments?post=50"}],"version-history":[{"count":16,"href":"https:\/\/ravello.abrigovirtual.com.br\/es\/wp-json\/wp\/v2\/pages\/50\/revisions"}],"predecessor-version":[{"id":261,"href":"https:\/\/ravello.abrigovirtual.com.br\/es\/wp-json\/wp\/v2\/pages\/50\/revisions\/261"}],"wp:attachment":[{"href":"https:\/\/ravello.abrigovirtual.com.br\/es\/wp-json\/wp\/v2\/media?parent=50"}],"curies":[{"name":"wp","href":"https:\/\/api.w.org\/{rel}","templated":true}]}}