{"id":52,"date":"2026-04-07T05:47:31","date_gmt":"2026-04-07T08:47:31","guid":{"rendered":"https:\/\/ravello.abrigovirtual.com.br\/es\/?page_id=52"},"modified":"2026-04-10T13:05:34","modified_gmt":"2026-04-10T16:05:34","slug":"carga-de-proyecto","status":"publish","type":"page","link":"https:\/\/ravello.abrigovirtual.com.br\/es\/carga-de-proyecto\/","title":{"rendered":"Carga de Proyecto"},"content":{"rendered":"\t\t<div data-elementor-type=\"wp-page\" data-elementor-id=\"52\" class=\"elementor elementor-52\" data-elementor-post-type=\"page\">\n\t\t\t\t<div class=\"elementor-element elementor-element-92554be e-flex e-con-boxed e-con e-parent\" data-id=\"92554be\" data-element_type=\"container\" data-e-type=\"container\" data-settings=\"{&quot;background_background&quot;:&quot;classic&quot;,&quot;shape_divider_bottom&quot;:&quot;opacity-tilt&quot;}\">\n\t\t\t\t\t<div class=\"e-con-inner\">\n\t\t\t\t<div class=\"elementor-shape elementor-shape-bottom\" aria-hidden=\"true\" data-negative=\"false\">\n\t\t\t<svg xmlns=\"http:\/\/www.w3.org\/2000\/svg\" viewBox=\"0 0 2600 131.1\" preserveAspectRatio=\"none\">\n\t<path class=\"elementor-shape-fill\" d=\"M0 0L2600 0 2600 69.1 0 0z\"\/>\n\t<path class=\"elementor-shape-fill\" style=\"opacity:0.5\" d=\"M0 0L2600 0 2600 69.1 0 69.1z\"\/>\n\t<path class=\"elementor-shape-fill\" style=\"opacity:0.25\" d=\"M2600 0L0 0 0 130.1 2600 69.1z\"\/>\n<\/svg>\t\t<\/div>\n\t\t\t\t<div class=\"elementor-element elementor-element-6574297 elementor-widget elementor-widget-heading\" data-id=\"6574297\" data-element_type=\"widget\" data-e-type=\"widget\" data-widget_type=\"heading.default\">\n\t\t\t\t\t<h6 class=\"elementor-heading-title elementor-size-default\">Servicios y sectores<\/h6>\t\t\t\t<\/div>\n\t\t\t\t<div class=\"elementor-element elementor-element-92a99e8 elementor-widget elementor-widget-heading\" data-id=\"92a99e8\" data-element_type=\"widget\" data-e-type=\"widget\" data-widget_type=\"heading.default\">\n\t\t\t\t\t<h1 class=\"elementor-heading-title elementor-size-default\">Carga de Proyecto<\/h1>\t\t\t\t<\/div>\n\t\t\t\t\t<\/div>\n\t\t\t\t<\/div>\n\t\t<div class=\"elementor-element elementor-element-0e47a79 e-flex e-con-boxed e-con e-parent\" data-id=\"0e47a79\" data-element_type=\"container\" data-e-type=\"container\">\n\t\t\t\t\t<div class=\"e-con-inner\">\n\t\t<div class=\"elementor-element elementor-element-c036bce e-con-full e-flex e-con e-child\" data-id=\"c036bce\" data-element_type=\"container\" data-e-type=\"container\">\n\t\t<div class=\"elementor-element elementor-element-13ce6d3 e-con-full e-flex e-con e-child\" data-id=\"13ce6d3\" data-element_type=\"container\" data-e-type=\"container\">\n\t\t\t\t<div class=\"elementor-element elementor-element-2a8dabc elementor-widget elementor-widget-image\" data-id=\"2a8dabc\" data-element_type=\"widget\" data-e-type=\"widget\" data-widget_type=\"image.default\">\n\t\t\t\t\t\t\t\t\t\t\t\t\t\t\t<img fetchpriority=\"high\" decoding=\"async\" width=\"800\" height=\"502\" src=\"https:\/\/ravello.abrigovirtual.com.br\/es\/wp-content\/uploads\/sites\/2\/2026\/04\/project-cargo-2-1.jpg\" class=\"attachment-large size-large wp-image-193\" alt=\"\" srcset=\"https:\/\/ravello.abrigovirtual.com.br\/es\/wp-content\/uploads\/sites\/2\/2026\/04\/project-cargo-2-1.jpg 800w, https:\/\/ravello.abrigovirtual.com.br\/es\/wp-content\/uploads\/sites\/2\/2026\/04\/project-cargo-2-1-300x188.jpg 300w, https:\/\/ravello.abrigovirtual.com.br\/es\/wp-content\/uploads\/sites\/2\/2026\/04\/project-cargo-2-1-768x482.jpg 768w\" sizes=\"(max-width: 800px) 100vw, 800px\" \/>\t\t\t\t\t\t\t\t\t\t\t\t\t\t\t<\/div>\n\t\t\t\t<\/div>\n\t\t\t\t<\/div>\n\t\t<div class=\"elementor-element elementor-element-d066736 e-con-full e-flex e-con e-child\" data-id=\"d066736\" data-element_type=\"container\" data-e-type=\"container\">\n\t\t\t\t<div class=\"elementor-element elementor-element-fdeac8d elementor-widget elementor-widget-heading\" data-id=\"fdeac8d\" data-element_type=\"widget\" data-e-type=\"widget\" data-widget_type=\"heading.default\">\n\t\t\t\t\t<h3 class=\"elementor-heading-title elementor-size-default\">Carga de Proyecto y Log\u00edstica para Operaciones Complejas<\/h3>\t\t\t\t<\/div>\n\t\t\t\t<div class=\"elementor-element elementor-element-613c879 elementor-widget-divider--view-line elementor-widget elementor-widget-divider\" data-id=\"613c879\" data-element_type=\"widget\" data-e-type=\"widget\" data-widget_type=\"divider.default\">\n\t\t\t\t\t\t\t<div class=\"elementor-divider\">\n\t\t\t<span class=\"elementor-divider-separator\">\n\t\t\t\t\t\t<\/span>\n\t\t<\/div>\n\t\t\t\t\t\t<\/div>\n\t\t\t\t<div class=\"elementor-element elementor-element-33e32ea elementor-widget elementor-widget-text-editor\" data-id=\"33e32ea\" data-element_type=\"widget\" data-e-type=\"widget\" data-widget_type=\"text-editor.default\">\n\t\t\t\t\t\t\t\t\t<p>Somos especialistas en <strong>carga de proyecto<\/strong>, ofreciendo soluciones log\u00edsticas completas para el transporte de mercanc\u00edas que requieren una planificaci\u00f3n avanzada, una manipulaci\u00f3n especial y una ejecuci\u00f3n precisa.<\/p><p>Gestionamos cada etapa con enfoque en eficiencia, seguridad y control, independientemente de la complejidad de la operaci\u00f3n o de la distancia hasta el destino final.<\/p>\t\t\t\t\t\t\t\t<\/div>\n\t\t\t\t<\/div>\n\t\t\t\t\t<\/div>\n\t\t\t\t<\/div>\n\t\t<div class=\"elementor-element elementor-element-87bc28e e-flex e-con-boxed e-con e-parent\" data-id=\"87bc28e\" data-element_type=\"container\" data-e-type=\"container\" data-settings=\"{&quot;background_background&quot;:&quot;classic&quot;}\">\n\t\t\t\t\t<div class=\"e-con-inner\">\n\t\t<div class=\"elementor-element elementor-element-0cf3c03 e-con-full e-flex e-con e-child\" data-id=\"0cf3c03\" data-element_type=\"container\" data-e-type=\"container\">\n\t\t<div class=\"elementor-element elementor-element-f07b193 e-con-full e-flex e-con e-child\" data-id=\"f07b193\" data-element_type=\"container\" data-e-type=\"container\">\n\t\t\t\t<div class=\"elementor-element elementor-element-0c9dfc3 elementor-widget elementor-widget-heading\" data-id=\"0c9dfc3\" data-element_type=\"widget\" data-e-type=\"widget\" data-widget_type=\"heading.default\">\n\t\t\t\t\t<h3 class=\"elementor-heading-title elementor-size-default\">Soluciones Log\u00edsticas para Proyectos de Gran Escala<\/h3>\t\t\t\t<\/div>\n\t\t\t\t<div class=\"elementor-element elementor-element-4228098 elementor-widget-divider--view-line elementor-widget elementor-widget-divider\" data-id=\"4228098\" data-element_type=\"widget\" data-e-type=\"widget\" data-widget_type=\"divider.default\">\n\t\t\t\t\t\t\t<div class=\"elementor-divider\">\n\t\t\t<span class=\"elementor-divider-separator\">\n\t\t\t\t\t\t<\/span>\n\t\t<\/div>\n\t\t\t\t\t\t<\/div>\n\t\t\t\t<div class=\"elementor-element elementor-element-e698fe9 elementor-widget elementor-widget-text-editor\" data-id=\"e698fe9\" data-element_type=\"widget\" data-e-type=\"widget\" data-widget_type=\"text-editor.default\">\n\t\t\t\t\t\t\t\t\t<h5>Nuestro equipo cuenta con amplia experiencia en log\u00edstica de cargas de proyecto, con capacidad para planificar y ejecutar operaciones de gran envergadura, incluidas entregas en lugares remotos o de dif\u00edcil acceso.<\/h5><p>Desarrollamos soluciones a medida para:<\/p><ul><li>Equipos industriales y cargas especiales<\/li><li>Proyectos de infraestructura y energ\u00eda<\/li><li>Transporte de cargas sobredimensionadas<\/li><li>Operaciones log\u00edsticas complejas y multimodales<\/li><\/ul><p>\u00a0<\/p><p>Garantizamos un control total de la operaci\u00f3n, desde la planificaci\u00f3n hasta la entrega final.<\/p>\t\t\t\t\t\t\t\t<\/div>\n\t\t\t\t<\/div>\n\t\t\t\t<\/div>\n\t\t<div class=\"elementor-element elementor-element-76e89da e-con-full e-flex e-con e-child\" data-id=\"76e89da\" data-element_type=\"container\" data-e-type=\"container\">\n\t\t\t\t<div class=\"elementor-element elementor-element-187624c elementor-widget elementor-widget-image\" data-id=\"187624c\" data-element_type=\"widget\" data-e-type=\"widget\" data-widget_type=\"image.default\">\n\t\t\t\t\t\t\t\t\t\t\t\t\t\t\t<img decoding=\"async\" width=\"800\" height=\"534\" src=\"https:\/\/ravello.abrigovirtual.com.br\/es\/wp-content\/uploads\/sites\/2\/2026\/04\/business-people-working-data-project.jpg\" class=\"attachment-large size-large wp-image-183\" alt=\"\" srcset=\"https:\/\/ravello.abrigovirtual.com.br\/es\/wp-content\/uploads\/sites\/2\/2026\/04\/business-people-working-data-project.jpg 850w, https:\/\/ravello.abrigovirtual.com.br\/es\/wp-content\/uploads\/sites\/2\/2026\/04\/business-people-working-data-project-300x200.jpg 300w, https:\/\/ravello.abrigovirtual.com.br\/es\/wp-content\/uploads\/sites\/2\/2026\/04\/business-people-working-data-project-768x512.jpg 768w\" sizes=\"(max-width: 800px) 100vw, 800px\" \/>\t\t\t\t\t\t\t\t\t\t\t\t\t\t\t<\/div>\n\t\t\t\t<\/div>\n\t\t\t\t\t<\/div>\n\t\t\t\t<\/div>\n\t\t<div class=\"elementor-element elementor-element-db327fc e-flex e-con-boxed e-con e-parent\" data-id=\"db327fc\" data-element_type=\"container\" data-e-type=\"container\" data-settings=\"{&quot;background_background&quot;:&quot;classic&quot;}\">\n\t\t\t\t\t<div class=\"e-con-inner\">\n\t\t\t\t<div class=\"elementor-element elementor-element-24c268c elementor-widget elementor-widget-heading\" data-id=\"24c268c\" data-element_type=\"widget\" data-e-type=\"widget\" data-widget_type=\"heading.default\">\n\t\t\t\t\t<h3 class=\"elementor-heading-title elementor-size-default\">Log\u00edstica Sostenible y Reducci\u00f3n de CO\u2082\n<\/h3>\t\t\t\t<\/div>\n\t\t\t\t<div class=\"elementor-element elementor-element-3a1342f elementor-widget elementor-widget-text-editor\" data-id=\"3a1342f\" data-element_type=\"widget\" data-e-type=\"widget\" data-widget_type=\"text-editor.default\">\n\t\t\t\t\t\t\t\t\t<p>Comprometidos con la sostenibilidad, trabajamos junto con nuestros clientes para reducir la huella de carbono en las operaciones log\u00edsticas.<\/p><p>Creemos que el primer paso para una gesti\u00f3n eficiente es la medici\u00f3n de las emisiones. Por eso, facilitamos el monitoreo de la huella de carbono en cada operaci\u00f3n, contribuyendo a decisiones m\u00e1s sostenibles y responsables.<\/p>\t\t\t\t\t\t\t\t<\/div>\n\t\t\t\t\t<\/div>\n\t\t\t\t<\/div>\n\t\t<div class=\"elementor-element elementor-element-bea575c e-flex e-con-boxed e-con e-parent\" data-id=\"bea575c\" data-element_type=\"container\" data-e-type=\"container\">\n\t\t\t\t\t<div class=\"e-con-inner\">\n\t\t<div class=\"elementor-element elementor-element-f851ca5 e-con-full e-flex e-con e-child\" data-id=\"f851ca5\" data-element_type=\"container\" data-e-type=\"container\">\n\t\t<div class=\"elementor-element elementor-element-e0296eb e-con-full e-flex e-con e-child\" data-id=\"e0296eb\" data-element_type=\"container\" data-e-type=\"container\">\n\t\t\t\t<div class=\"elementor-element elementor-element-bdd7255 elementor-widget elementor-widget-heading\" data-id=\"bdd7255\" data-element_type=\"widget\" data-e-type=\"widget\" data-widget_type=\"heading.default\">\n\t\t\t\t\t<h3 class=\"elementor-heading-title elementor-size-default\">Planificaci\u00f3n Estrat\u00e9gica y Ejecuci\u00f3n Especializada\n<\/h3>\t\t\t\t<\/div>\n\t\t\t\t<div class=\"elementor-element elementor-element-a7753e9 elementor-widget-divider--view-line elementor-widget elementor-widget-divider\" data-id=\"a7753e9\" data-element_type=\"widget\" data-e-type=\"widget\" data-widget_type=\"divider.default\">\n\t\t\t\t\t\t\t<div class=\"elementor-divider\">\n\t\t\t<span class=\"elementor-divider-separator\">\n\t\t\t\t\t\t<\/span>\n\t\t<\/div>\n\t\t\t\t\t\t<\/div>\n\t\t\t\t<div class=\"elementor-element elementor-element-3479d18 elementor-widget elementor-widget-text-editor\" data-id=\"3479d18\" data-element_type=\"widget\" data-e-type=\"widget\" data-widget_type=\"text-editor.default\">\n\t\t\t\t\t\t\t\t\t<p>Ofrecemos soluciones personalizadas adaptadas a cada proyecto, que incluyen:<\/p><ul><li>Estudio de viabilidad log\u00edstica<\/li><li>Planificaci\u00f3n de rutas y modos de transporte<\/li><li>Coordinaci\u00f3n multimodal (mar\u00edtima, a\u00e9rea y terrestre)<\/li><li>Gesti\u00f3n de riesgos y compliance<\/li><li>Supervisi\u00f3n completa de la operaci\u00f3n<\/li><\/ul><p><br \/>Nuestro enfoque permite ejecutar proyectos altamente exigentes con precisi\u00f3n y seguridad.<\/p>\t\t\t\t\t\t\t\t<\/div>\n\t\t\t\t<\/div>\n\t\t\t\t<\/div>\n\t\t<div class=\"elementor-element elementor-element-492c46f e-con-full e-flex e-con e-child\" data-id=\"492c46f\" data-element_type=\"container\" data-e-type=\"container\">\n\t\t\t\t<div class=\"elementor-element elementor-element-16ac5e1 elementor-widget elementor-widget-image\" data-id=\"16ac5e1\" data-element_type=\"widget\" data-e-type=\"widget\" data-widget_type=\"image.default\">\n\t\t\t\t\t\t\t\t\t\t\t\t\t\t\t<img decoding=\"async\" width=\"800\" height=\"527\" src=\"https:\/\/ravello.abrigovirtual.com.br\/es\/wp-content\/uploads\/sites\/2\/2026\/04\/oficina01.png\" class=\"attachment-large size-large wp-image-194\" alt=\"\" srcset=\"https:\/\/ravello.abrigovirtual.com.br\/es\/wp-content\/uploads\/sites\/2\/2026\/04\/oficina01.png 861w, https:\/\/ravello.abrigovirtual.com.br\/es\/wp-content\/uploads\/sites\/2\/2026\/04\/oficina01-300x198.png 300w, https:\/\/ravello.abrigovirtual.com.br\/es\/wp-content\/uploads\/sites\/2\/2026\/04\/oficina01-768x506.png 768w\" sizes=\"(max-width: 800px) 100vw, 800px\" \/>\t\t\t\t\t\t\t\t\t\t\t\t\t\t\t<\/div>\n\t\t\t\t<\/div>\n\t\t\t\t\t<\/div>\n\t\t\t\t<\/div>\n\t\t<div class=\"elementor-element elementor-element-30b345e e-flex e-con-boxed e-con e-parent\" data-id=\"30b345e\" data-element_type=\"container\" data-e-type=\"container\" data-settings=\"{&quot;background_background&quot;:&quot;classic&quot;}\">\n\t\t\t\t\t<div class=\"e-con-inner\">\n\t\t<div class=\"elementor-element elementor-element-5a718b8 e-con-full e-flex e-con e-child\" data-id=\"5a718b8\" data-element_type=\"container\" data-e-type=\"container\">\n\t\t\t\t<div class=\"elementor-element elementor-element-3a8e4de elementor-widget elementor-widget-heading\" data-id=\"3a8e4de\" data-element_type=\"widget\" data-e-type=\"widget\" data-widget_type=\"heading.default\">\n\t\t\t\t\t<h1 class=\"elementor-heading-title elementor-size-default\">P\u00f3ngase en contacto con nosotros\n<\/h1>\t\t\t\t<\/div>\n\t\t\t\t<div class=\"elementor-element elementor-element-3bb1283 elementor-widget elementor-widget-text-editor\" data-id=\"3bb1283\" data-element_type=\"widget\" data-e-type=\"widget\" data-widget_type=\"text-editor.default\">\n\t\t\t\t\t\t\t\t\tD\u00e9jenos sus datos y nos pondremos en contacto con usted.\t\t\t\t\t\t\t\t<\/div>\n\t\t\t\t<div class=\"elementor-element elementor-element-43557e8 elementor-mobile-align-center elementor-align-left elementor-widget elementor-widget-button\" data-id=\"43557e8\" data-element_type=\"widget\" data-e-type=\"widget\" data-widget_type=\"button.default\">\n\t\t\t\t\t\t\t\t\t\t<a class=\"elementor-button elementor-button-link elementor-size-sm\" href=\"https:\/\/ravello.abrigovirtual.com.br\/es\/contacto\/\">\n\t\t\t\t\t\t<span class=\"elementor-button-content-wrapper\">\n\t\t\t\t\t\t\t\t\t<span class=\"elementor-button-text\">Cont\u00e1ctenos<\/span>\n\t\t\t\t\t<\/span>\n\t\t\t\t\t<\/a>\n\t\t\t\t\t\t\t\t<\/div>\n\t\t\t\t<\/div>\n\t\t<div class=\"elementor-element elementor-element-4a9ebc8 e-con-full e-flex e-con e-child\" data-id=\"4a9ebc8\" data-element_type=\"container\" data-e-type=\"container\" data-settings=\"{&quot;background_background&quot;:&quot;classic&quot;}\">\n\t\t\t\t<div class=\"elementor-element elementor-element-968162d elementor-widget elementor-widget-shortcode\" data-id=\"968162d\" data-element_type=\"widget\" data-e-type=\"widget\" data-widget_type=\"shortcode.default\">\n\t\t\t\t\t\t\t<div class=\"elementor-shortcode\">\n<div class=\"wpcf7 no-js\" id=\"wpcf7-f241-o1\" lang=\"pt-BR\" dir=\"ltr\" data-wpcf7-id=\"241\">\n<div class=\"screen-reader-response\"><p role=\"status\" aria-live=\"polite\" aria-atomic=\"true\"><\/p> <ul><\/ul><\/div>\n<form action=\"\/es\/wp-json\/wp\/v2\/pages\/52#wpcf7-f241-o1\" method=\"post\" class=\"wpcf7-form init\" aria-label=\"Formul\u00e1rios de contato\" novalidate=\"novalidate\" data-status=\"init\">\n<fieldset class=\"hidden-fields-container\"><input type=\"hidden\" name=\"_wpcf7\" value=\"241\" \/><input type=\"hidden\" name=\"_wpcf7_version\" value=\"6.1.5\" \/><input type=\"hidden\" name=\"_wpcf7_locale\" value=\"pt_BR\" \/><input type=\"hidden\" name=\"_wpcf7_unit_tag\" value=\"wpcf7-f241-o1\" \/><input type=\"hidden\" name=\"_wpcf7_container_post\" value=\"0\" \/><input type=\"hidden\" name=\"_wpcf7_posted_data_hash\" value=\"\" \/>\n<\/fieldset>\n<p><label><span class=\"wpcf7-form-control-wrap\" data-name=\"your-name\"><input size=\"40\" maxlength=\"400\" class=\"wpcf7-form-control wpcf7-text wpcf7-validates-as-required\" aria-required=\"true\" aria-invalid=\"false\" placeholder=\"Tu Nombre\" value=\"\" type=\"text\" name=\"your-name\" \/><\/span><\/label>\n<\/p>\n<p><label><span class=\"wpcf7-form-control-wrap\" data-name=\"your-email\"><input size=\"40\" maxlength=\"400\" class=\"wpcf7-form-control wpcf7-email wpcf7-validates-as-required wpcf7-text wpcf7-validates-as-email\" aria-required=\"true\" aria-invalid=\"false\" placeholder=\"Tu correo electr\u00f3nico\" value=\"\" type=\"email\" name=\"your-email\" \/><\/span> <\/label>\n<\/p>\n<p><label><span class=\"wpcf7-form-control-wrap\" data-name=\"your-subject\"><input size=\"40\" maxlength=\"400\" class=\"wpcf7-form-control wpcf7-text wpcf7-validates-as-required\" aria-required=\"true\" aria-invalid=\"false\" placeholder=\"Assunto\" value=\"\" type=\"text\" name=\"your-subject\" \/><\/span> <\/label>\n<\/p>\n<p><label><span class=\"wpcf7-form-control-wrap\" data-name=\"your-message\"><textarea cols=\"40\" rows=\"10\" maxlength=\"2000\" class=\"wpcf7-form-control wpcf7-textarea\" aria-invalid=\"false\" placeholder=\"Tu mensaje (opcional)\" name=\"your-message\"><\/textarea><\/span> <\/label>\n<\/p>\n<p><input class=\"wpcf7-form-control wpcf7-submit has-spinner\" type=\"submit\" value=\"Enviar\" \/>\n<\/p><div class=\"wpcf7-response-output\" aria-hidden=\"true\"><\/div>\n<\/form>\n<\/div>\n<\/div>\n\t\t\t\t\t\t<\/div>\n\t\t\t\t<\/div>\n\t\t\t\t\t<\/div>\n\t\t\t\t<\/div>\n\t\t\t\t<\/div>\n\t\t","protected":false},"excerpt":{"rendered":"<p>Servicios y sectores Carga de Proyecto Carga de Proyecto y Log\u00edstica para Operaciones Complejas Somos especialistas en carga de proyecto, ofreciendo soluciones log\u00edsticas completas para el transporte de mercanc\u00edas que requieren una planificaci\u00f3n avanzada, una manipulaci\u00f3n especial y una ejecuci\u00f3n precisa. Gestionamos cada etapa con enfoque en eficiencia, seguridad y control, independientemente de la complejidad [&hellip;]<\/p>\n","protected":false},"author":1,"featured_media":0,"parent":0,"menu_order":0,"comment_status":"closed","ping_status":"closed","template":"","meta":{"footnotes":""},"class_list":["post-52","page","type-page","status-publish","hentry"],"_links":{"self":[{"href":"https:\/\/ravello.abrigovirtual.com.br\/es\/wp-json\/wp\/v2\/pages\/52","targetHints":{"allow":["GET"]}}],"collection":[{"href":"https:\/\/ravello.abrigovirtual.com.br\/es\/wp-json\/wp\/v2\/pages"}],"about":[{"href":"https:\/\/ravello.abrigovirtual.com.br\/es\/wp-json\/wp\/v2\/types\/page"}],"author":[{"embeddable":true,"href":"https:\/\/ravello.abrigovirtual.com.br\/es\/wp-json\/wp\/v2\/users\/1"}],"replies":[{"embeddable":true,"href":"https:\/\/ravello.abrigovirtual.com.br\/es\/wp-json\/wp\/v2\/comments?post=52"}],"version-history":[{"count":14,"href":"https:\/\/ravello.abrigovirtual.com.br\/es\/wp-json\/wp\/v2\/pages\/52\/revisions"}],"predecessor-version":[{"id":267,"href":"https:\/\/ravello.abrigovirtual.com.br\/es\/wp-json\/wp\/v2\/pages\/52\/revisions\/267"}],"wp:attachment":[{"href":"https:\/\/ravello.abrigovirtual.com.br\/es\/wp-json\/wp\/v2\/media?parent=52"}],"curies":[{"name":"wp","href":"https:\/\/api.w.org\/{rel}","templated":true}]}}