{"id":80,"date":"2026-04-07T07:29:34","date_gmt":"2026-04-07T10:29:34","guid":{"rendered":"https:\/\/ravello.abrigovirtual.com.br\/es\/?page_id=80"},"modified":"2026-04-07T07:31:04","modified_gmt":"2026-04-07T10:31:04","slug":"aviso-legal","status":"publish","type":"page","link":"https:\/\/ravello.abrigovirtual.com.br\/es\/aviso-legal\/","title":{"rendered":"Aviso legal"},"content":{"rendered":"\t\t<div data-elementor-type=\"wp-page\" data-elementor-id=\"80\" class=\"elementor elementor-80\" data-elementor-post-type=\"page\">\n\t\t\t\t<div class=\"elementor-element elementor-element-98b92c6 e-flex e-con-boxed e-con e-parent\" data-id=\"98b92c6\" data-element_type=\"container\" data-e-type=\"container\" data-settings=\"{&quot;background_background&quot;:&quot;classic&quot;,&quot;shape_divider_bottom&quot;:&quot;opacity-tilt&quot;}\">\n\t\t\t\t\t<div class=\"e-con-inner\">\n\t\t\t\t<div class=\"elementor-shape elementor-shape-bottom\" aria-hidden=\"true\" data-negative=\"false\">\n\t\t\t<svg xmlns=\"http:\/\/www.w3.org\/2000\/svg\" viewBox=\"0 0 2600 131.1\" preserveAspectRatio=\"none\">\n\t<path class=\"elementor-shape-fill\" d=\"M0 0L2600 0 2600 69.1 0 0z\"\/>\n\t<path class=\"elementor-shape-fill\" style=\"opacity:0.5\" d=\"M0 0L2600 0 2600 69.1 0 69.1z\"\/>\n\t<path class=\"elementor-shape-fill\" style=\"opacity:0.25\" d=\"M2600 0L0 0 0 130.1 2600 69.1z\"\/>\n<\/svg>\t\t<\/div>\n\t\t\t\t<div class=\"elementor-element elementor-element-cfd2e10 elementor-widget elementor-widget-heading\" data-id=\"cfd2e10\" data-element_type=\"widget\" data-e-type=\"widget\" data-widget_type=\"heading.default\">\n\t\t\t\t\t<h6 class=\"elementor-heading-title elementor-size-default\">Ravello Logistics\n<\/h6>\t\t\t\t<\/div>\n\t\t\t\t<div class=\"elementor-element elementor-element-32bc504 elementor-widget elementor-widget-heading\" data-id=\"32bc504\" data-element_type=\"widget\" data-e-type=\"widget\" data-widget_type=\"heading.default\">\n\t\t\t\t\t<h1 class=\"elementor-heading-title elementor-size-default\">Aviso Legal<\/h1>\t\t\t\t<\/div>\n\t\t\t\t\t<\/div>\n\t\t\t\t<\/div>\n\t\t<div class=\"elementor-element elementor-element-8054d4d e-flex e-con-boxed e-con e-parent\" data-id=\"8054d4d\" data-element_type=\"container\" data-e-type=\"container\">\n\t\t\t\t\t<div class=\"e-con-inner\">\n\t\t<div class=\"elementor-element elementor-element-9c52338 e-con-full e-flex e-con e-child\" data-id=\"9c52338\" data-element_type=\"container\" data-e-type=\"container\">\n\t\t\t\t<div class=\"elementor-element elementor-element-180d05f elementor-widget elementor-widget-text-editor\" data-id=\"180d05f\" data-element_type=\"widget\" data-e-type=\"widget\" data-widget_type=\"text-editor.default\">\n\t\t\t\t\t\t\t\t\t<p>En RAVELLO contamos con las m\u00e1ximas medidas de seguridad para garantizar que las comunicaciones entre nuestros servidores y el cliente final son totalmente confidenciales. Al utilizar nuestro entorno protegido y seguro tiene la seguridad de que:<\/p><ul><li>Est\u00e1 comunicando sus datos a los servidores de RAVELLO y no a cualquier otro que se intenta hacer pasar por \u00e9ste.<\/li><li>Toda la informaci\u00f3n que circula entre el cliente y los servidores de RAVELLO est\u00e1 cifrada, evitando su posible manipulaci\u00f3n por terceras personas.<\/li><\/ul><p>\u00a0<\/p><p>Puede verificar que la conexi\u00f3n se est\u00e1 realizando a trav\u00e9s de un servidor seguro comprobando lo siguiente:<\/p><ul><li>La direcci\u00f3n del servidor (URL) siempre comenzar\u00e1 por https en lugar de http<\/li><li>Mediante una indicaci\u00f3n en forma de candado cerrado situada en la parte inferior del navegador.<\/li><li>En la cabecera de nuestras p\u00e1ginas apararece la leyenda \u00abEntorno protegido y seguro.<\/li><\/ul>\t\t\t\t\t\t\t\t<\/div>\n\t\t\t\t<\/div>\n\t\t\t\t\t<\/div>\n\t\t\t\t<\/div>\n\t\t\t\t<\/div>\n\t\t","protected":false},"excerpt":{"rendered":"<p>Ravello Logistics Aviso Legal En RAVELLO contamos con las m\u00e1ximas medidas de seguridad para garantizar que las comunicaciones entre nuestros servidores y el cliente final son totalmente confidenciales. Al utilizar nuestro entorno protegido y seguro tiene la seguridad de que: Est\u00e1 comunicando sus datos a los servidores de RAVELLO y no a cualquier otro que [&hellip;]<\/p>\n","protected":false},"author":1,"featured_media":0,"parent":0,"menu_order":0,"comment_status":"closed","ping_status":"closed","template":"","meta":{"footnotes":""},"class_list":["post-80","page","type-page","status-publish","hentry"],"_links":{"self":[{"href":"https:\/\/ravello.abrigovirtual.com.br\/es\/wp-json\/wp\/v2\/pages\/80","targetHints":{"allow":["GET"]}}],"collection":[{"href":"https:\/\/ravello.abrigovirtual.com.br\/es\/wp-json\/wp\/v2\/pages"}],"about":[{"href":"https:\/\/ravello.abrigovirtual.com.br\/es\/wp-json\/wp\/v2\/types\/page"}],"author":[{"embeddable":true,"href":"https:\/\/ravello.abrigovirtual.com.br\/es\/wp-json\/wp\/v2\/users\/1"}],"replies":[{"embeddable":true,"href":"https:\/\/ravello.abrigovirtual.com.br\/es\/wp-json\/wp\/v2\/comments?post=80"}],"version-history":[{"count":7,"href":"https:\/\/ravello.abrigovirtual.com.br\/es\/wp-json\/wp\/v2\/pages\/80\/revisions"}],"predecessor-version":[{"id":87,"href":"https:\/\/ravello.abrigovirtual.com.br\/es\/wp-json\/wp\/v2\/pages\/80\/revisions\/87"}],"wp:attachment":[{"href":"https:\/\/ravello.abrigovirtual.com.br\/es\/wp-json\/wp\/v2\/media?parent=80"}],"curies":[{"name":"wp","href":"https:\/\/api.w.org\/{rel}","templated":true}]}}