{"id":88,"date":"2026-04-07T07:32:36","date_gmt":"2026-04-07T10:32:36","guid":{"rendered":"https:\/\/ravello.abrigovirtual.com.br\/es\/?page_id=88"},"modified":"2026-04-07T07:35:24","modified_gmt":"2026-04-07T10:35:24","slug":"politica-de-privacidad","status":"publish","type":"page","link":"https:\/\/ravello.abrigovirtual.com.br\/es\/politica-de-privacidad\/","title":{"rendered":"Pol\u00edtica de Privacidad"},"content":{"rendered":"\t\t<div data-elementor-type=\"wp-page\" data-elementor-id=\"88\" class=\"elementor elementor-88\" data-elementor-post-type=\"page\">\n\t\t\t\t<div class=\"elementor-element elementor-element-85bbfff e-flex e-con-boxed e-con e-parent\" data-id=\"85bbfff\" data-element_type=\"container\" data-e-type=\"container\" data-settings=\"{&quot;background_background&quot;:&quot;classic&quot;,&quot;shape_divider_bottom&quot;:&quot;opacity-tilt&quot;}\">\n\t\t\t\t\t<div class=\"e-con-inner\">\n\t\t\t\t<div class=\"elementor-shape elementor-shape-bottom\" aria-hidden=\"true\" data-negative=\"false\">\n\t\t\t<svg xmlns=\"http:\/\/www.w3.org\/2000\/svg\" viewBox=\"0 0 2600 131.1\" preserveAspectRatio=\"none\">\n\t<path class=\"elementor-shape-fill\" d=\"M0 0L2600 0 2600 69.1 0 0z\"\/>\n\t<path class=\"elementor-shape-fill\" style=\"opacity:0.5\" d=\"M0 0L2600 0 2600 69.1 0 69.1z\"\/>\n\t<path class=\"elementor-shape-fill\" style=\"opacity:0.25\" d=\"M2600 0L0 0 0 130.1 2600 69.1z\"\/>\n<\/svg>\t\t<\/div>\n\t\t\t\t<div class=\"elementor-element elementor-element-8b76209 elementor-widget elementor-widget-heading\" data-id=\"8b76209\" data-element_type=\"widget\" data-e-type=\"widget\" data-widget_type=\"heading.default\">\n\t\t\t\t\t<h6 class=\"elementor-heading-title elementor-size-default\">Ravello Logistics\n<\/h6>\t\t\t\t<\/div>\n\t\t\t\t<div class=\"elementor-element elementor-element-b939896 elementor-widget elementor-widget-heading\" data-id=\"b939896\" data-element_type=\"widget\" data-e-type=\"widget\" data-widget_type=\"heading.default\">\n\t\t\t\t\t<h1 class=\"elementor-heading-title elementor-size-default\">Pol\u00edtica de Privacidad<\/h1>\t\t\t\t<\/div>\n\t\t\t\t\t<\/div>\n\t\t\t\t<\/div>\n\t\t<div class=\"elementor-element elementor-element-9acd74b e-flex e-con-boxed e-con e-parent\" data-id=\"9acd74b\" data-element_type=\"container\" data-e-type=\"container\">\n\t\t\t\t\t<div class=\"e-con-inner\">\n\t\t<div class=\"elementor-element elementor-element-1a57675 e-con-full e-flex e-con e-child\" data-id=\"1a57675\" data-element_type=\"container\" data-e-type=\"container\">\n\t\t\t\t<div class=\"elementor-element elementor-element-b46b0fe elementor-widget elementor-widget-text-editor\" data-id=\"b46b0fe\" data-element_type=\"widget\" data-e-type=\"widget\" data-widget_type=\"text-editor.default\">\n\t\t\t\t\t\t\t\t\t<div class=\"wpb_text_column wpb_content_element \"><div class=\"wpb_wrapper\">Ravello do Brasil Operador Log\u00edstico Ltda con domicilio social en R. Comendador Ara\u00fajo, 499 \u2013 10\u00ba andar \u2013 Centro \u2013 Curitiba \u2013 PR, CEP 80420-000, Brasil es titular del dominio en Internet: www.ravellobrasil.com y responsable del tratamiento de los datos de car\u00e1cter personal suministrados por los usuarios a trav\u00e9s de este sitio web.<\/div><div>\u00a0<\/div><div class=\"wpb_wrapper\">Al facilitarnos su informaci\u00f3n personal y utilizar nuestro sitio web, entendemos que ha le\u00eddo y comprendido los t\u00e9rminos relacionados con esta informaci\u00f3n de protecci\u00f3n de datos de car\u00e1cter personal. En RAVELLO asumimos la responsabilidad de cumplir con la legislaci\u00f3n vigente en materia de protecci\u00f3n de datos nacional y europea, y tenemos el objetivo de tratar sus datos de manera l\u00edcita, leal y transparente tal como se establece en el Reglamento General de Protecci\u00f3n de Datos 2016\/679.<\/div><div>\u00a0<\/div><div class=\"wpb_wrapper\"><strong>INFORMACI\u00d3N B\u00c1SICA SOBRE PROTECCI\u00d3N DE DATOS<\/strong><\/div><\/div><p>A continuaci\u00f3n le informamos sobre la pol\u00edtica de protecci\u00f3n de datos de RAVELLO.<\/p><p><strong>Responsable del tratamiento<\/strong><\/p><p>Los datos de car\u00e1cter personal que se pudieran recabar directamente del interesado ser\u00e1n tratados de forma confidencial y quedar\u00e1n incorporados a la correspondiente actividad de tratamiento titularidad de RAVELLO.<\/p><p><strong>Conservaci\u00f3n de datos<\/strong><\/p><p>Los datos personales proporcionados se conservar\u00e1n durante el tiempo necesario para cumplir con la finalidad para la que se recaban y para determinar las posibles responsabilidades que se pudieran derivar de la finalidad, adem\u00e1s de los per\u00edodos establecidos en la normativa de archivos y documentaci\u00f3n.<\/p><p><strong>Comunicaci\u00f3n de datos<\/strong><\/p><p>Se comunicar\u00e1n los datos personales a terceros: Por obligaci\u00f3n legal, por necesidad para la ejecuci\u00f3n de los servicios contratados\/solicitados, para consulta de informes comerciales y de riesgo.<\/p><p><strong>Finalidad<\/strong><\/p><p>Las finalidades del tratamiento de los datos corresponden a la ejecuci\u00f3n de los servicios contratados\/solicitados y al env\u00edo de informaci\u00f3n comercial.<\/p><p><strong>Legitimaci\u00f3n<\/strong><\/p><ul><li aria-level=\"1\">El tratamiento de sus datos es necesario para la ejecuci\u00f3n de un contrato en el que el interesado es parte o para la aplicaci\u00f3n a petici\u00f3n de este de medidas precontractuales.<\/li><li aria-level=\"1\">El tratamiento es necesario para el cumplimiento de una obligaci\u00f3n legal aplicable al responsable de tratamiento.<\/li><li aria-level=\"1\">El interesado da su consentimiento para uno o varios fines.<\/li><li aria-level=\"1\">El tratamiento es necesario para la satisfacci\u00f3n de intereses leg\u00edtimos perseguidos por el responsable de tratamiento o por un tercero, siempre que sobre dichos intereses no prevalezcan los intereses o los derechos y libertades fundamentales del interesado. Cuando la finalidad del tratamiento requiera su consentimiento, que habr\u00e1 de ser prestado mediante una clara acci\u00f3n afirmativa.<\/li><\/ul><p>\u00a0<\/p><p><strong>Derechos de los interesados<\/strong><\/p><p>Cualquier persona tiene derecho a obtener confirmaci\u00f3n sobre los tratamientos que de sus datos que se llevan a cabo por RAVELLO.<\/p><p>Puede ejercer sus derechos de acceso, rectificaci\u00f3n, supresi\u00f3n y portabilidad de sus datos, de limitaci\u00f3n y oposici\u00f3n a su tratamiento, as\u00ed como a no ser objeto de decisiones basadas \u00fanicamente en el tratamiento automatizado de sus datos, cuando procedan, ante Ravello do Brasil Operador Log\u00edstico Ltda, R. Comendador Ara\u00fajo, 499 \u2013 10\u00ba andar \u2013 Centro \u2013 Curitiba \u2013 PR, CEP 80420-000, Brasil, junto con prueba de identificaci\u00f3n v\u00e1lida en derecho, a la atenci\u00f3n del Departamento de asesor\u00eda jur\u00eddica e indicando el asunto \u201cProtecci\u00f3n de datos\u201d.<\/p>\t\t\t\t\t\t\t\t<\/div>\n\t\t\t\t<\/div>\n\t\t\t\t\t<\/div>\n\t\t\t\t<\/div>\n\t\t\t\t<\/div>\n\t\t","protected":false},"excerpt":{"rendered":"<p>Ravello Logistics Pol\u00edtica de Privacidad Ravello do Brasil Operador Log\u00edstico Ltda con domicilio social en R. Comendador Ara\u00fajo, 499 \u2013 10\u00ba andar \u2013 Centro \u2013 Curitiba \u2013 PR, CEP 80420-000, Brasil es titular del dominio en Internet: www.ravellobrasil.com y responsable del tratamiento de los datos de car\u00e1cter personal suministrados por los usuarios a trav\u00e9s de [&hellip;]<\/p>\n","protected":false},"author":1,"featured_media":0,"parent":0,"menu_order":0,"comment_status":"closed","ping_status":"closed","template":"","meta":{"footnotes":""},"class_list":["post-88","page","type-page","status-publish","hentry"],"_links":{"self":[{"href":"https:\/\/ravello.abrigovirtual.com.br\/es\/wp-json\/wp\/v2\/pages\/88","targetHints":{"allow":["GET"]}}],"collection":[{"href":"https:\/\/ravello.abrigovirtual.com.br\/es\/wp-json\/wp\/v2\/pages"}],"about":[{"href":"https:\/\/ravello.abrigovirtual.com.br\/es\/wp-json\/wp\/v2\/types\/page"}],"author":[{"embeddable":true,"href":"https:\/\/ravello.abrigovirtual.com.br\/es\/wp-json\/wp\/v2\/users\/1"}],"replies":[{"embeddable":true,"href":"https:\/\/ravello.abrigovirtual.com.br\/es\/wp-json\/wp\/v2\/comments?post=88"}],"version-history":[{"count":10,"href":"https:\/\/ravello.abrigovirtual.com.br\/es\/wp-json\/wp\/v2\/pages\/88\/revisions"}],"predecessor-version":[{"id":98,"href":"https:\/\/ravello.abrigovirtual.com.br\/es\/wp-json\/wp\/v2\/pages\/88\/revisions\/98"}],"wp:attachment":[{"href":"https:\/\/ravello.abrigovirtual.com.br\/es\/wp-json\/wp\/v2\/media?parent=88"}],"curies":[{"name":"wp","href":"https:\/\/api.w.org\/{rel}","templated":true}]}}